{"id":238,"date":"2023-04-28T11:10:57","date_gmt":"2023-04-28T11:10:57","guid":{"rendered":"https:\/\/wp.rumeysagelgi.com\/?page_id=238"},"modified":"2023-04-28T20:34:10","modified_gmt":"2023-04-28T20:34:10","slug":"who-is-rumeysa-gelgi","status":"publish","type":"page","link":"https:\/\/rumeysagelgi.com\/tr\/who-is-rumeysa-gelgi\/","title":{"rendered":"Rumeysa Gelgi kimdir?"},"content":{"rendered":"<div data-elementor-type=\"wp-page\" data-elementor-id=\"238\" class=\"elementor elementor-238\">\n\t\t\t\t<div class=\"elementor-element elementor-element-3bd7b1c e-flex e-con-boxed e-con e-parent\" data-id=\"3bd7b1c\" data-element_type=\"container\" data-settings=\"{&quot;content_width&quot;:&quot;boxed&quot;}\" data-core-v316-plus=\"true\">\n\t\t\t\t\t<div class=\"e-con-inner\">\n\t\t\t\t<div class=\"elementor-element elementor-element-866d40b elementor-widget elementor-widget-heading\" data-id=\"866d40b\" data-element_type=\"widget\" data-widget_type=\"heading.default\">\n\t\t\t\t<div class=\"elementor-widget-container\">\n\t\t\t<style>\/*! elementor - v3.19.0 - 07-02-2024 *\/\n.elementor-heading-title{padding:0;margin:0;line-height:1}.elementor-widget-heading .elementor-heading-title[class*=elementor-size-]>a{color:inherit;font-size:inherit;line-height:inherit}.elementor-widget-heading .elementor-heading-title.elementor-size-small{font-size:15px}.elementor-widget-heading .elementor-heading-title.elementor-size-medium{font-size:19px}.elementor-widget-heading .elementor-heading-title.elementor-size-large{font-size:29px}.elementor-widget-heading .elementor-heading-title.elementor-size-xl{font-size:39px}.elementor-widget-heading .elementor-heading-title.elementor-size-xxl{font-size:59px}<\/style><h2 class=\"elementor-heading-title elementor-size-default\">TIBB\u0130 GE\u00c7M\u0130\u015e<\/h2>\t\t<\/div>\n\t\t\t\t<\/div>\n\t\t\t\t<div class=\"elementor-element elementor-element-3f1292a elementor-widget elementor-widget-text-editor\" data-id=\"3f1292a\" data-element_type=\"widget\" data-widget_type=\"text-editor.default\">\n\t\t\t\t<div class=\"elementor-widget-container\">\n\t\t\t<style>\/*! elementor - v3.19.0 - 07-02-2024 *\/\n.elementor-widget-text-editor.elementor-drop-cap-view-stacked .elementor-drop-cap{background-color:#69727d;color:#fff}.elementor-widget-text-editor.elementor-drop-cap-view-framed .elementor-drop-cap{color:#69727d;border:3px solid;background-color:transparent}.elementor-widget-text-editor:not(.elementor-drop-cap-view-default) .elementor-drop-cap{margin-top:8px}.elementor-widget-text-editor:not(.elementor-drop-cap-view-default) .elementor-drop-cap-letter{width:1em;height:1em}.elementor-widget-text-editor .elementor-drop-cap{float:left;text-align:center;line-height:1;font-size:50px}.elementor-widget-text-editor .elementor-drop-cap-letter{display:inline-block}<\/style>\t\t\t\t<p>1 Ocak 1997 tarihinde T\u00fcrkiye'de, olduk\u00e7a nadir g\u00f6r\u00fclen genetik mutasyon Weaver Sendromu'nun tipik \u00f6zellikleriyle (iri do\u011fum, h\u0131zl\u0131 b\u00fcy\u00fcme, atipik y\u00fcz \u015fekli, uzun boy, b\u00fcy\u00fck eller ve ayaklar, hipertoni, g\u00f6bek f\u0131t\u0131\u011f\u0131, omurga deformitesi, zay\u0131f kemikler ve kaslar, \u00f6zel iskelet yap\u0131s\u0131 ve ya\u015f\u0131ndan fazla geli\u015fmi\u015f iskelet vb.) d\u00fcnyaya geldim. Do\u011fdu\u011fumda T\u00fcrkiye'de g\u00f6r\u00fclen ilk, d\u00fcnya genelinde ise 27. vakayd\u0131m. Hacettepe \u00dcniversitesi Pediyatrik Endokrinoloji Klini\u011fi'nde te\u015fhisimi ald\u0131m. Bir ya\u015f\u0131ndayken do\u011fu\u015ftan gelen ASD (Atrial Septal Defect) ve PDA (Patent Ductus Arteriosis) sorunlar\u0131ndan dolay\u0131 a\u00e7\u0131k kalp ameliyat\u0131 oldum. 3 bu\u00e7uk ya\u015f\u0131ndayken g\u00f6bek f\u0131t\u0131\u011f\u0131 ameliyat\u0131 ge\u00e7irdim. 5 ya\u015f\u0131nda, 9 ayl\u0131k fizyoterapiden sonra y\u00fcr\u00fcte\u00e7le ilk kez y\u00fcr\u00fcmeye ba\u015flad\u0131m. Marmara \u00dcniversitesi Pediyatrik Endokrinoloji B\u00f6l\u00fcm\u00fc taraf\u0131ndan g\u00f6zlem alt\u0131nda tutuldum. H\u0131zl\u0131 b\u00fcy\u00fcmem Eyl\u00fcl 2003'ten May\u0131s 2006'ya kadar s\u00fcren bir tedaviyle durduruldu. Tedavi ba\u015flang\u0131c\u0131nda 1.72 cm boyundayd\u0131m. \u0130la\u00e7 tedavisi ba\u015far\u0131l\u0131 oldu ve art\u0131k boyum uzam\u0131yor. Aral\u0131k 2013'te bir hafta arayla iki kez Skolyoz ameliyat\u0131 oldum. 65 derece olan omurga e\u011frili\u011fim 38 dereceye d\u00fc\u015f\u00fcr\u00fcld\u00fc. Sa\u011fl\u0131k durumum \u015fu anda stabil. Gelecekte ciddi bir ameliyat veya tedavi \u00f6ng\u00f6r\u00fclm\u00fcyor. Bunun yan\u0131s\u0131ra, kas geli\u015fimimi artt\u0131rmak amac\u0131yla d\u00fczenli fizyoterapi al\u0131yor ve y\u00fcz\u00fcyorum.<\/p>\t\t\t\t\t\t<\/div>\n\t\t\t\t<\/div>\n\t\t\t\t<div class=\"elementor-element elementor-element-b2d1d04 elementor-widget elementor-widget-heading\" data-id=\"b2d1d04\" data-element_type=\"widget\" data-widget_type=\"heading.default\">\n\t\t\t\t<div class=\"elementor-widget-container\">\n\t\t\t<h2 class=\"elementor-heading-title elementor-size-default\">E\u011e\u0130T\u0130M<\/h2>\t\t<\/div>\n\t\t\t\t<\/div>\n\t\t\t\t<div class=\"elementor-element elementor-element-a1fec23 elementor-widget elementor-widget-text-editor\" data-id=\"a1fec23\" data-element_type=\"widget\" data-widget_type=\"text-editor.default\">\n\t\t\t\t<div class=\"elementor-widget-container\">\n\t\t\t\t\t\t\t<p>2011 y\u0131l\u0131nda ilk\u00f6\u011fretimden, 2016 y\u0131l\u0131nda liseden mezun oldum. Sahip oldu\u011fum fiziksel engeller nedeniyle hi\u00e7bir zaman okula gitmedim. E\u011fitim hayat\u0131m\u0131 evde e\u011fitim ile s\u00fcrd\u00fcrd\u00fcm. 2020 y\u0131l\u0131ndaki COVID-19 karantinalar\u0131 esnas\u0131nda Web Geli\u015ftirme (Web Development) \u00fczerine e\u011fitim almaya ba\u015flad\u0131m. Teknoloji sekt\u00f6r\u00fcnde \u00e7al\u0131\u015fmak \u00e7ocukluk hayalimdi. \u015eu anda web aplikasyonlar\u0131n\u0131n hem \u00f6n hem de arka y\u00fcz\u00fcn\u00fc in\u015fa edebilen bir Full-Stack Geli\u015ftiriciyim. Sonuncusu Harvard \u00dcniversitesi olmak \u00fczere, \u00fc\u00e7 farkl\u0131 \u00f6nde gelen e\u011fitim kurumundan \u00fc\u00e7 profesyonel sertifikam bulunmakta.<\/p>\t\t\t\t\t\t<\/div>\n\t\t\t\t<\/div>\n\t\t\t\t<div class=\"elementor-element elementor-element-7bed51a elementor-widget elementor-widget-heading\" data-id=\"7bed51a\" data-element_type=\"widget\" data-widget_type=\"heading.default\">\n\t\t\t\t<div class=\"elementor-widget-container\">\n\t\t\t<h2 class=\"elementor-heading-title elementor-size-default\">D\u00dcNYA REKORTMENL\u0130\u011e\u0130<\/h2>\t\t<\/div>\n\t\t\t\t<\/div>\n\t\t\t\t<div class=\"elementor-element elementor-element-78e45ae elementor-widget elementor-widget-text-editor\" data-id=\"78e45ae\" data-element_type=\"widget\" data-widget_type=\"text-editor.default\">\n\t\t\t\t<div class=\"elementor-widget-container\">\n\t\t\t\t\t\t\t<p>2.15,16 cm boyum sayesinde 2014 y\u0131l\u0131nda Guinness World Records taraf\u0131ndan verilen \"d\u00fcnyan\u0131n ya\u015fayan en uzun boylu gen\u00e7 k\u0131z\u0131\", 2021 y\u0131l\u0131nda ise \u201cd\u00fcnyan\u0131n ya\u015fayan en uzun boylu kad\u0131n\u0131\u201d \u00fcnvan\u0131na sahip oldum. Ayn\u0131 zamanda \u201cd\u00fcnyan\u0131n en b\u00fcy\u00fck elleri (kad\u0131n)\u201d, \u201cd\u00fcnyan\u0131n en uzun parmaklar\u0131 (kad\u0131n)\u201d ve \u201cd\u00fcnyan\u0131n en uzun s\u0131rt\u0131 (kad\u0131n)\u201d \u00fcnvanlar\u0131n\u0131 da ta\u015f\u0131yorum. \u0130lk \u00fcnvan\u0131m\u0131 ald\u0131\u011f\u0131mdan beri bir\u00e7ok kez TV programlar\u0131nda, yaz\u0131l\u0131 bas\u0131nda ve fark\u0131ndal\u0131k projelerinde yer ald\u0131m. Hayat\u0131m boyunca ciddi rahats\u0131zl\u0131klarla ya\u015famak fark\u0131ndal\u0131k yaratmak, tedavi se\u00e7eneklerinin geli\u015fmesine katk\u0131da bulunmak ve benzer durumdaki bireyleri motive etmek konular\u0131nda bana ilham verdi. Bu nedenle \u015fu an, do\u011fu\u015ftan sahip oldu\u011fum iki rahats\u0131zl\u0131k olan Weaver Sendromu ve Skolyoz i\u00e7in aktivistlik ve ara\u015ft\u0131rmac\u0131l\u0131k yap\u0131yorum. Ayr\u0131ca kendi ki\u015fisel deneyimlerimi sosyal medya arac\u0131l\u0131\u011f\u0131yla payla\u015f\u0131yorum. Bu yolun ba\u015f\u0131ndaki nihai hedeflerimden birini ger\u00e7ekle\u015ftirebildi\u011fim i\u00e7in mutluyum.<\/p>\t\t\t\t\t\t<\/div>\n\t\t\t\t<\/div>\n\t\t\t\t<div class=\"elementor-element elementor-element-d16c53a elementor-widget elementor-widget-heading\" data-id=\"d16c53a\" data-element_type=\"widget\" data-widget_type=\"heading.default\">\n\t\t\t\t<div class=\"elementor-widget-container\">\n\t\t\t<h2 class=\"elementor-heading-title elementor-size-default\">HOB\u0130LER<\/h2>\t\t<\/div>\n\t\t\t\t<\/div>\n\t\t\t\t<div class=\"elementor-element elementor-element-6472e78 elementor-widget elementor-widget-text-editor\" data-id=\"6472e78\" data-element_type=\"widget\" data-widget_type=\"text-editor.default\">\n\t\t\t\t<div class=\"elementor-widget-container\">\n\t\t\t\t\t\t\tGezip yeni yerler g\u00f6rmek, al\u0131\u015fveri\u015f yapmak, y\u00fczmek, bilgisayar ve internet, kitap okumak (\u00f6zellikle polisiye romanlar\u0131) hobilerim aras\u0131ndad\u0131r.\t\t\t\t\t\t<\/div>\n\t\t\t\t<\/div>\n\t\t\t\t\t<\/div>\n\t\t\t\t<\/div>\n\t\t\t\t<\/div>","protected":false},"excerpt":{"rendered":"<p>MEDICAL HISTORY I was born in Turkey on January 1st, 1997 with typical characteristics of a very rare genetic mutation, Weaver Syndrome: large birth size, accelerated growth, atypical face view, tall in height, big hands and feet, hypertonia, umbilical hernia, spinal deformity, weak bones and muscles, special skeletal structure and skeletal maturation etc. I&#8217;m the &hellip; <\/p>\n<p class=\"link-more\"><a href=\"https:\/\/rumeysagelgi.com\/tr\/who-is-rumeysa-gelgi\/\" class=\"more-link\">Okumaya devam et<span class=\"screen-reader-text\"> &#8220;Who is Rumeysa Gelgi?&#8221;<\/span><\/a><\/p>","protected":false},"author":2,"featured_media":0,"parent":0,"menu_order":0,"comment_status":"closed","ping_status":"closed","template":"","meta":{"_eb_attr":"","_gspb_post_css":"","wp_social_preview_title":"","wp_social_preview_description":"","wp_social_preview_image":0,"footnotes":""},"class_list":["post-238","page","type-page","status-publish","hentry"],"yoast_head":"<!-- This site is optimized with the Yoast SEO plugin v22.0 - https:\/\/yoast.com\/wordpress\/plugins\/seo\/ -->\n<title>Who is Rumeysa Gelgi? - Rumeysa Gelgi<\/title>\n<meta name=\"robots\" content=\"index, follow, max-snippet:-1, max-image-preview:large, max-video-preview:-1\" \/>\n<link rel=\"canonical\" href=\"https:\/\/rumeysagelgi.com\/tr\/who-is-rumeysa-gelgi\/\" \/>\n<meta property=\"og:locale\" content=\"tr_TR\" \/>\n<meta property=\"og:type\" content=\"article\" \/>\n<meta property=\"og:title\" content=\"Who is Rumeysa Gelgi? - Rumeysa Gelgi\" \/>\n<meta property=\"og:description\" content=\"MEDICAL HISTORY I was born in Turkey on January 1st, 1997 with typical characteristics of a very rare genetic mutation, Weaver Syndrome: large birth size, accelerated growth, atypical face view, tall in height, big hands and feet, hypertonia, umbilical hernia, spinal deformity, weak bones and muscles, special skeletal structure and skeletal maturation etc. I&#8217;m the &hellip; Okumaya devam et &quot;Who is Rumeysa Gelgi?&quot;\" \/>\n<meta property=\"og:url\" content=\"https:\/\/rumeysagelgi.com\/tr\/who-is-rumeysa-gelgi\/\" \/>\n<meta property=\"og:site_name\" content=\"Rumeysa Gelgi\" \/>\n<meta property=\"article:modified_time\" content=\"2023-04-28T20:34:10+00:00\" \/>\n<meta name=\"twitter:card\" content=\"summary_large_image\" \/>\n<meta name=\"twitter:label1\" content=\"Tahmini okuma s\u00fcresi\" \/>\n\t<meta name=\"twitter:data1\" content=\"2 dakika\" \/>\n<script type=\"application\/ld+json\" class=\"yoast-schema-graph\">{\"@context\":\"https:\/\/schema.org\",\"@graph\":[{\"@type\":\"WebPage\",\"@id\":\"https:\/\/rumeysagelgi.com\/who-is-rumeysa-gelgi\/\",\"url\":\"https:\/\/rumeysagelgi.com\/who-is-rumeysa-gelgi\/\",\"name\":\"Who is Rumeysa Gelgi? - Rumeysa Gelgi\",\"isPartOf\":{\"@id\":\"https:\/\/rumeysagelgi.com\/#website\"},\"datePublished\":\"2023-04-28T11:10:57+00:00\",\"dateModified\":\"2023-04-28T20:34:10+00:00\",\"breadcrumb\":{\"@id\":\"https:\/\/rumeysagelgi.com\/who-is-rumeysa-gelgi\/#breadcrumb\"},\"inLanguage\":\"tr\",\"potentialAction\":[{\"@type\":\"ReadAction\",\"target\":[\"https:\/\/rumeysagelgi.com\/who-is-rumeysa-gelgi\/\"]}]},{\"@type\":\"BreadcrumbList\",\"@id\":\"https:\/\/rumeysagelgi.com\/who-is-rumeysa-gelgi\/#breadcrumb\",\"itemListElement\":[{\"@type\":\"ListItem\",\"position\":1,\"name\":\"Home\",\"item\":\"https:\/\/rumeysagelgi.com\/\"},{\"@type\":\"ListItem\",\"position\":2,\"name\":\"Who is Rumeysa Gelgi?\"}]},{\"@type\":\"WebSite\",\"@id\":\"https:\/\/rumeysagelgi.com\/#website\",\"url\":\"https:\/\/rumeysagelgi.com\/\",\"name\":\"Rumeysa Gelgi\",\"description\":\"Welcome to Rumeysa Gelgi&#039;s official website.\",\"potentialAction\":[{\"@type\":\"SearchAction\",\"target\":{\"@type\":\"EntryPoint\",\"urlTemplate\":\"https:\/\/rumeysagelgi.com\/?s={search_term_string}\"},\"query-input\":\"required name=search_term_string\"}],\"inLanguage\":\"tr\"}]}<\/script>\n<!-- \/ Yoast SEO plugin. -->","yoast_head_json":{"title":"Who is Rumeysa Gelgi? - Rumeysa Gelgi","robots":{"index":"index","follow":"follow","max-snippet":"max-snippet:-1","max-image-preview":"max-image-preview:large","max-video-preview":"max-video-preview:-1"},"canonical":"https:\/\/rumeysagelgi.com\/tr\/who-is-rumeysa-gelgi\/","og_locale":"tr_TR","og_type":"article","og_title":"Who is Rumeysa Gelgi? - Rumeysa Gelgi","og_description":"MEDICAL HISTORY I was born in Turkey on January 1st, 1997 with typical characteristics of a very rare genetic mutation, Weaver Syndrome: large birth size, accelerated growth, atypical face view, tall in height, big hands and feet, hypertonia, umbilical hernia, spinal deformity, weak bones and muscles, special skeletal structure and skeletal maturation etc. I&#8217;m the &hellip; Okumaya devam et \"Who is Rumeysa Gelgi?\"","og_url":"https:\/\/rumeysagelgi.com\/tr\/who-is-rumeysa-gelgi\/","og_site_name":"Rumeysa Gelgi","article_modified_time":"2023-04-28T20:34:10+00:00","twitter_card":"summary_large_image","twitter_misc":{"Tahmini okuma s\u00fcresi":"2 dakika"},"schema":{"@context":"https:\/\/schema.org","@graph":[{"@type":"WebPage","@id":"https:\/\/rumeysagelgi.com\/who-is-rumeysa-gelgi\/","url":"https:\/\/rumeysagelgi.com\/who-is-rumeysa-gelgi\/","name":"Who is Rumeysa Gelgi? - Rumeysa Gelgi","isPartOf":{"@id":"https:\/\/rumeysagelgi.com\/#website"},"datePublished":"2023-04-28T11:10:57+00:00","dateModified":"2023-04-28T20:34:10+00:00","breadcrumb":{"@id":"https:\/\/rumeysagelgi.com\/who-is-rumeysa-gelgi\/#breadcrumb"},"inLanguage":"tr","potentialAction":[{"@type":"ReadAction","target":["https:\/\/rumeysagelgi.com\/who-is-rumeysa-gelgi\/"]}]},{"@type":"BreadcrumbList","@id":"https:\/\/rumeysagelgi.com\/who-is-rumeysa-gelgi\/#breadcrumb","itemListElement":[{"@type":"ListItem","position":1,"name":"Home","item":"https:\/\/rumeysagelgi.com\/"},{"@type":"ListItem","position":2,"name":"Who is Rumeysa Gelgi?"}]},{"@type":"WebSite","@id":"https:\/\/rumeysagelgi.com\/#website","url":"https:\/\/rumeysagelgi.com\/","name":"Rumeysa Gelgi","description":"Welcome to Rumeysa Gelgi&#039;s official website.","potentialAction":[{"@type":"SearchAction","target":{"@type":"EntryPoint","urlTemplate":"https:\/\/rumeysagelgi.com\/?s={search_term_string}"},"query-input":"required name=search_term_string"}],"inLanguage":"tr"}]}},"_links":{"self":[{"href":"https:\/\/rumeysagelgi.com\/tr\/wp-json\/wp\/v2\/pages\/238","targetHints":{"allow":["GET"]}}],"collection":[{"href":"https:\/\/rumeysagelgi.com\/tr\/wp-json\/wp\/v2\/pages"}],"about":[{"href":"https:\/\/rumeysagelgi.com\/tr\/wp-json\/wp\/v2\/types\/page"}],"author":[{"embeddable":true,"href":"https:\/\/rumeysagelgi.com\/tr\/wp-json\/wp\/v2\/users\/2"}],"replies":[{"embeddable":true,"href":"https:\/\/rumeysagelgi.com\/tr\/wp-json\/wp\/v2\/comments?post=238"}],"version-history":[{"count":27,"href":"https:\/\/rumeysagelgi.com\/tr\/wp-json\/wp\/v2\/pages\/238\/revisions"}],"predecessor-version":[{"id":278,"href":"https:\/\/rumeysagelgi.com\/tr\/wp-json\/wp\/v2\/pages\/238\/revisions\/278"}],"wp:attachment":[{"href":"https:\/\/rumeysagelgi.com\/tr\/wp-json\/wp\/v2\/media?parent=238"}],"curies":[{"name":"wp","href":"https:\/\/api.w.org\/{rel}","templated":true}]}}