{"id":279,"date":"2023-04-28T20:36:01","date_gmt":"2023-04-28T20:36:01","guid":{"rendered":"https:\/\/wp.rumeysagelgi.com\/?page_id=279"},"modified":"2023-04-29T14:54:09","modified_gmt":"2023-04-29T14:54:09","slug":"what-is-weaver-syndrome","status":"publish","type":"page","link":"https:\/\/rumeysagelgi.com\/tr\/what-is-weaver-syndrome\/","title":{"rendered":"Weaver Sendromu nedir?"},"content":{"rendered":"<div data-elementor-type=\"wp-page\" data-elementor-id=\"279\" class=\"elementor elementor-279\">\n\t\t\t\t<div class=\"elementor-element elementor-element-3bd7b1c e-flex e-con-boxed e-con e-parent\" data-id=\"3bd7b1c\" data-element_type=\"container\" data-settings=\"{&quot;content_width&quot;:&quot;boxed&quot;}\" data-core-v316-plus=\"true\">\n\t\t\t\t\t<div class=\"e-con-inner\">\n\t\t\t\t<div class=\"elementor-element elementor-element-77aff83 elementor-widget elementor-widget-text-editor\" data-id=\"77aff83\" data-element_type=\"widget\" data-widget_type=\"text-editor.default\">\n\t\t\t\t<div class=\"elementor-widget-container\">\n\t\t\t<style>\/*! elementor - v3.19.0 - 07-02-2024 *\/\n.elementor-widget-text-editor.elementor-drop-cap-view-stacked .elementor-drop-cap{background-color:#69727d;color:#fff}.elementor-widget-text-editor.elementor-drop-cap-view-framed .elementor-drop-cap{color:#69727d;border:3px solid;background-color:transparent}.elementor-widget-text-editor:not(.elementor-drop-cap-view-default) .elementor-drop-cap{margin-top:8px}.elementor-widget-text-editor:not(.elementor-drop-cap-view-default) .elementor-drop-cap-letter{width:1em;height:1em}.elementor-widget-text-editor .elementor-drop-cap{float:left;text-align:center;line-height:1;font-size:50px}.elementor-widget-text-editor .elementor-drop-cap-letter{display:inline-block}<\/style>\t\t\t\t<p>Weaver-Smith Sendromu olarak da bilinir. \u0130lk olarak 1974 y\u0131l\u0131nda Dr. David Weaver taraf\u0131ndan te\u015fhis edilmi\u015ftir.<\/p>\t\t\t\t\t\t<\/div>\n\t\t\t\t<\/div>\n\t\t\t\t<div class=\"elementor-element elementor-element-866d40b elementor-widget elementor-widget-heading\" data-id=\"866d40b\" data-element_type=\"widget\" data-widget_type=\"heading.default\">\n\t\t\t\t<div class=\"elementor-widget-container\">\n\t\t\t<style>\/*! elementor - v3.19.0 - 07-02-2024 *\/\n.elementor-heading-title{padding:0;margin:0;line-height:1}.elementor-widget-heading .elementor-heading-title[class*=elementor-size-]>a{color:inherit;font-size:inherit;line-height:inherit}.elementor-widget-heading .elementor-heading-title.elementor-size-small{font-size:15px}.elementor-widget-heading .elementor-heading-title.elementor-size-medium{font-size:19px}.elementor-widget-heading .elementor-heading-title.elementor-size-large{font-size:29px}.elementor-widget-heading .elementor-heading-title.elementor-size-xl{font-size:39px}.elementor-widget-heading .elementor-heading-title.elementor-size-xxl{font-size:59px}<\/style><h2 class=\"elementor-heading-title elementor-size-default\">\u00d6n Bilgi:<\/h2>\t\t<\/div>\n\t\t\t\t<\/div>\n\t\t\t\t<div class=\"elementor-element elementor-element-3f1292a elementor-widget elementor-widget-text-editor\" data-id=\"3f1292a\" data-element_type=\"widget\" data-widget_type=\"text-editor.default\">\n\t\t\t\t<div class=\"elementor-widget-container\">\n\t\t\t\t\t\t\t<p>Weaver sendromlular\u0131n tipik \u00f6zellikleri aras\u0131nda; b\u00fcy\u00fck do\u011fum, h\u0131zl\u0131 b\u00fcy\u00fcme ve a\u015f\u0131r\u0131 geli\u015fmi\u015f iskelet, ekstremite anomalileri (kamptodaktili, geni\u015f ba\u015fparmak, ince ve derin t\u0131rnaklar, klinodaktili, s\u0131n\u0131rl\u0131 dirsek ve diz ekstansiyonu ve ayak deformiteleri), kroniofasiyal (geni\u015f al\u0131n, bas\u0131k kafa, b\u00fcy\u00fck kulaklar, hipertelorizm, uzun filtrum, mikrognati) ve n\u00f6rolojik anomaliler, hipertoni, hipotoni, psikomotor yava\u015flama, bo\u011fuk ve al\u00e7ak perdeden ses, a\u015f\u0131r\u0131 gev\u015fek deri, g\u00f6bek ve kas\u0131k f\u0131t\u0131\u011f\u0131 bulunur.<\/p>\t\t\t\t\t\t<\/div>\n\t\t\t\t<\/div>\n\t\t\t\t<div class=\"elementor-element elementor-element-916ce3d elementor-widget elementor-widget-text-editor\" data-id=\"916ce3d\" data-element_type=\"widget\" data-widget_type=\"text-editor.default\">\n\t\t\t\t<div class=\"elementor-widget-container\">\n\t\t\t\t\t\t\t<p class=\" translation-block\">Son y\u0131llarda genetik\u00e7iler taraf\u0131ndan EZH2 (enhancer of zeste homolog 2), NSD1, SUZ12, EED isimli genlerin mutasyonunun Weaver Sendromuna neden oldu\u011fu ke\u015ffedilmi\u015ftir. Fakat bu genlerin mutasyona u\u011frama sebebi bilinmemektedir. \u00c7ok nadir bir sendromdur (d\u00fcnya genelinde bilinen 100-150 vaka).\n<br><br><br>\nDo\u011fu\u015ftan gelir. Erkeklerde g\u00f6r\u00fclme s\u0131kl\u0131\u011f\u0131 k\u0131zlardan \u00fc\u00e7 kat daha fazlad\u0131r.<\/p>\t\t\t\t\t\t<\/div>\n\t\t\t\t<\/div>\n\t\t\t\t<div class=\"elementor-element elementor-element-b2d1d04 elementor-widget elementor-widget-heading\" data-id=\"b2d1d04\" data-element_type=\"widget\" data-widget_type=\"heading.default\">\n\t\t\t\t<div class=\"elementor-widget-container\">\n\t\t\t<h2 class=\"elementor-heading-title elementor-size-default\">\u0130statistikler:<\/h2>\t\t<\/div>\n\t\t\t\t<\/div>\n\t\t\t\t<div class=\"elementor-element elementor-element-c8ec2d4 elementor-widget elementor-widget-heading\" data-id=\"c8ec2d4\" data-element_type=\"widget\" data-no-translation=\"\" data-widget_type=\"heading.default\">\n\t\t\t\t<div class=\"elementor-widget-container\">\n\t\t\t<style>.elementor-element-c8ec2d4{display:none !important}<\/style>\t\t<\/div>\n\t\t\t\t<\/div>\n\t\t\t\t<div class=\"elementor-element elementor-element-4d529c0 pp-info-list-icon-left pp-info-list-icon-vertical-middle elementor-widget elementor-widget-pp-info-list\" data-id=\"4d529c0\" data-element_type=\"widget\" data-no-translation=\"\" data-widget_type=\"pp-info-list.default\">\n\t\t\t\t<div class=\"elementor-widget-container\">\n\t\t\t<style>.elementor-element-4d529c0{display:none !important}<\/style>\t\t<\/div>\n\t\t\t\t<\/div>\n\t\t\t\t<div class=\"elementor-element elementor-element-220a5f7 elementor-widget elementor-widget-heading\" data-id=\"220a5f7\" data-element_type=\"widget\" data-no-translation=\"\" data-widget_type=\"heading.default\">\n\t\t\t\t<div class=\"elementor-widget-container\">\n\t\t\t<style>.elementor-element-220a5f7{display:none !important}<\/style>\t\t<\/div>\n\t\t\t\t<\/div>\n\t\t\t\t<div class=\"elementor-element elementor-element-5ff6576 pp-info-list-icon-left pp-info-list-icon-vertical-middle elementor-widget elementor-widget-pp-info-list\" data-id=\"5ff6576\" data-element_type=\"widget\" data-no-translation=\"\" data-widget_type=\"pp-info-list.default\">\n\t\t\t\t<div class=\"elementor-widget-container\">\n\t\t\t<style>.elementor-element-5ff6576{display:none !important}<\/style>\t\t<\/div>\n\t\t\t\t<\/div>\n\t\t\t\t<div class=\"elementor-element elementor-element-6bdfac0 elementor-widget elementor-widget-heading\" data-id=\"6bdfac0\" data-element_type=\"widget\" data-no-translation=\"\" data-widget_type=\"heading.default\">\n\t\t\t\t<div class=\"elementor-widget-container\">\n\t\t\t<style>.elementor-element-6bdfac0{display:none !important}<\/style>\t\t<\/div>\n\t\t\t\t<\/div>\n\t\t\t\t<div class=\"elementor-element elementor-element-0189643 pp-info-list-icon-left pp-info-list-icon-vertical-middle elementor-widget elementor-widget-pp-info-list\" data-id=\"0189643\" data-element_type=\"widget\" data-widget_type=\"pp-info-list.default\">\n\t\t\t\t<div class=\"elementor-widget-container\">\n\t\t\t\t\t<div class=\"pp-info-list-container pp-list-container pp-info-list-connector\">\n\t\t\t<ul class=\"pp-list-items\">\n\t\t\t\t\t\t\t\t\t\t\t\t\t\t\t<li class=\"pp-info-list-item\">\n\t\t\t\t\t\t\t\t\t\t\t\t\t\t\t\t\t\t\t\t\t\t<div class=\"pp-info-list-item-inner\">\n\t\t\t\t\t\t\t\t\t\t\t\t<div class=\"pp-infolist-icon-wrapper\">\n\t\t\t\t\t\t\t\t\t\t<span class=\"pp-info-list-icon pp-icon\">\n\t\t\t\t\t\t\t<i aria-hidden=\"true\" class=\"fas fa-chevron-circle-right\"><\/i>\t\t\t\t\t\t<\/span>\n\t\t\t\t\t\t\t\t\t<\/div>\n\t\t\t\t\t\t\t\t\t\t\t\t<div class=\"pp-infolist-content-wrapper\">\n\t\t\t\t\t\t\t\t\t\t\t\t\t\t\t\t\t\t\t\t\t<div class=\"pp-info-list-title\">\n\t\t\t\t\t\t\t\t\t\t\t\t\t\t\t\t\t\t\t\t\t\t\tEndokrinolojik Bulgular:\t\t\t\t\t\t\t\t\t\t\t\t\t\t\t\t\t\t\t\t\t\t<\/div>\n\t\t\t\t\t\t\t\t\t\t\t\t\t\t\t\t\t\t\t\t\t\t\t\t\t\t\t\t\t\t\t<div class=\"pp-info-list-description\">\n\t\t\t\t\t\t\t\t\t\t\t\t\u2013 A\u015f\u0131r\u0131 postnatal b\u00fcy\u00fcme (100%)\n<br>\n\u2013 A\u015f\u0131r\u0131 prenatal b\u00fcy\u00fcme (72%)\n<br>\n\u2013 A\u015f\u0131r\u0131 i\u015ftah (71%)\n<br>\n\u2013 \u0130nce sa\u00e7 derisi (67%) \t\t\t\t\t\t\t\t\t\t\t<\/div>\n\t\t\t\t\t\t\t\t\t\t\t\t\t\t\t\t\t\t\t\t\t\t\t\t\t\t\t\t\t\t<\/div>\n\t\t\t\t\t\t\t\t<\/div>\n\t\t\t\t\t\t\t\t\t\t\t\t\t<\/li>\n\t\t\t\t\t\t\t\t\t\t\t\t\t\t\t\t\t\t\t\t\t<li class=\"pp-info-list-item\">\n\t\t\t\t\t\t\t\t\t\t\t\t\t\t\t\t\t\t\t\t\t\t<div class=\"pp-info-list-item-inner\">\n\t\t\t\t\t\t\t\t\t\t\t\t<div class=\"pp-infolist-icon-wrapper\">\n\t\t\t\t\t\t\t\t\t\t<span class=\"pp-info-list-icon pp-icon\">\n\t\t\t\t\t\t\t<i aria-hidden=\"true\" class=\"fas fa-chevron-circle-right\"><\/i>\t\t\t\t\t\t<\/span>\n\t\t\t\t\t\t\t\t\t<\/div>\n\t\t\t\t\t\t\t\t\t\t\t\t<div class=\"pp-infolist-content-wrapper\">\n\t\t\t\t\t\t\t\t\t\t\t\t\t\t\t\t\t\t\t\t\t<div class=\"pp-info-list-title\">\n\t\t\t\t\t\t\t\t\t\t\t\t\t\t\t\t\t\t\t\t\t\t\tN\u00f6rolojik \/ Davran\u0131\u015fsal Bulgular:\t\t\t\t\t\t\t\t\t\t\t\t\t\t\t\t\t\t\t\t\t\t<\/div>\n\t\t\t\t\t\t\t\t\t\t\t\t\t\t\t\t\t\t\t\t\t\t\t\t\t\t\t\t\t\t\t<div class=\"pp-info-list-description\">\n\t\t\t\t\t\t\t\t\t\t\t\t\u2013 Kaba motor geli\u015fimde gecikme (100%)\n<br>\n\u2013 Bo\u011fuk ve \/ veya d\u00fc\u015f\u00fck perdeli ses (90%)\n<br>\n\u2013 Mental geli\u015fme gerili\u011fi (80%)\n<br>\n\u2013 Hipertoni (68%)\n<br>\n\u2013 Spastisite (56%)\n<br>\n\u2013 Di\u011ferleri: hipotoni, n\u00f6betler \t\t\t\t\t\t\t\t\t\t\t<\/div>\n\t\t\t\t\t\t\t\t\t\t\t\t\t\t\t\t\t\t\t\t\t\t\t\t\t\t\t\t\t\t<\/div>\n\t\t\t\t\t\t\t\t<\/div>\n\t\t\t\t\t\t\t\t\t\t\t\t\t<\/li>\n\t\t\t\t\t\t\t\t\t\t\t\t\t\t\t\t\t\t\t\t\t<li class=\"pp-info-list-item\">\n\t\t\t\t\t\t\t\t\t\t\t\t\t\t\t\t\t\t\t\t\t\t<div class=\"pp-info-list-item-inner\">\n\t\t\t\t\t\t\t\t\t\t\t\t<div class=\"pp-infolist-icon-wrapper\">\n\t\t\t\t\t\t\t\t\t\t<span class=\"pp-info-list-icon pp-icon\">\n\t\t\t\t\t\t\t<i aria-hidden=\"true\" class=\"fas fa-chevron-circle-right\"><\/i>\t\t\t\t\t\t<\/span>\n\t\t\t\t\t\t\t\t\t<\/div>\n\t\t\t\t\t\t\t\t\t\t\t\t<div class=\"pp-infolist-content-wrapper\">\n\t\t\t\t\t\t\t\t\t\t\t\t\t\t\t\t\t\t\t\t\t<div class=\"pp-info-list-title\">\n\t\t\t\t\t\t\t\t\t\t\t\t\t\t\t\t\t\t\t\t\t\t\tKroniofasiyal Bulgular:\t\t\t\t\t\t\t\t\t\t\t\t\t\t\t\t\t\t\t\t\t\t<\/div>\n\t\t\t\t\t\t\t\t\t\t\t\t\t\t\t\t\t\t\t\t\t\t\t\t\t\t\t\t\t\t\t<div class=\"pp-info-list-description\">\n\t\t\t\t\t\t\t\t\t\t\t\t\u2013 Mikrognati (100%)\n<br>\n\u2013 Ok\u00fcler hipertelorizm (96%)\n<br>\n\u2013 B\u00fcy\u00fck, d\u00fc\u015f\u00fck kulaklar (96%)\n<br>\n\u2013 Artan bifrontal \u00e7ap (95%)\n<br>\n\u2013 Telekantus (95%)\n<br>\n\u2013 Di\u011ferleri: uzun ve vurgulu filtrum, makrosefali, displastik kulaklar, \u015fa\u015f\u0131l\u0131k, bas\u0131k burun k\u00f6k\u00fc, a\u015fa\u011f\u0131 \u00e7ekik palpebral fiss\u00fcr, d\u00fcz oksiput, epikantus \t\t\t\t\t\t\t\t\t\t\t<\/div>\n\t\t\t\t\t\t\t\t\t\t\t\t\t\t\t\t\t\t\t\t\t\t\t\t\t\t\t\t\t\t<\/div>\n\t\t\t\t\t\t\t\t<\/div>\n\t\t\t\t\t\t\t\t\t\t\t\t\t<\/li>\n\t\t\t\t\t\t\t\t\t\t\t\t\t\t\t\t\t\t\t\t\t<li class=\"pp-info-list-item\">\n\t\t\t\t\t\t\t\t\t\t\t\t\t\t\t\t\t\t\t\t\t\t<div class=\"pp-info-list-item-inner\">\n\t\t\t\t\t\t\t\t\t\t\t\t<div class=\"pp-infolist-icon-wrapper\">\n\t\t\t\t\t\t\t\t\t\t<span class=\"pp-info-list-icon pp-icon\">\n\t\t\t\t\t\t\t<i aria-hidden=\"true\" class=\"fas fa-chevron-circle-right\"><\/i>\t\t\t\t\t\t<\/span>\n\t\t\t\t\t\t\t\t\t<\/div>\n\t\t\t\t\t\t\t\t\t\t\t\t<div class=\"pp-infolist-content-wrapper\">\n\t\t\t\t\t\t\t\t\t\t\t\t\t\t\t\t\t\t\t\t\t<div class=\"pp-info-list-title\">\n\t\t\t\t\t\t\t\t\t\t\t\t\t\t\t\t\t\t\t\t\t\t\tKas - \u0130skelet Bulgular\u0131:\t\t\t\t\t\t\t\t\t\t\t\t\t\t\t\t\t\t\t\t\t\t<\/div>\n\t\t\t\t\t\t\t\t\t\t\t\t\t\t\t\t\t\t\t\t\t\t\t\t\t\t\t\t\t\t\t<div class=\"pp-info-list-description\">\n\t\t\t\t\t\t\t\t\t\t\t\t\u2013 Belirgin parmak pedleri (92%)\n<br>\n\u2013 Displastik t\u0131rnaklar (85%)\n<br>\n\u2013 Kal\u00e7a, diz, ayak bilekleri, dirsekler ve el bileklerinin s\u0131n\u0131rl\u0131 ekstansiyonu (83%)\n<br>\n\u2013 A\u015f\u0131r\u0131 ekstansiyona u\u011frayabilen parmaklar (80%)\n<br>\n\u2013 Geni\u015f ba\u015fparmak (70%)\n<br>\n\u2013 Di\u011ferleri: kamptodaktili, yumru ayak, skolyoz veya kifoz, uzun boy \t\t\t\t\t\t\t\t\t\t\t<\/div>\n\t\t\t\t\t\t\t\t\t\t\t\t\t\t\t\t\t\t\t\t\t\t\t\t\t\t\t\t\t\t<\/div>\n\t\t\t\t\t\t\t\t<\/div>\n\t\t\t\t\t\t\t\t\t\t\t\t\t<\/li>\n\t\t\t\t\t\t\t\t\t\t\t\t\t\t\t\t\t\t\t\t\t<li class=\"pp-info-list-item\">\n\t\t\t\t\t\t\t\t\t\t\t\t\t\t\t\t\t\t\t\t\t\t<div class=\"pp-info-list-item-inner\">\n\t\t\t\t\t\t\t\t\t\t\t\t<div class=\"pp-infolist-icon-wrapper\">\n\t\t\t\t\t\t\t\t\t\t<span class=\"pp-info-list-icon pp-icon\">\n\t\t\t\t\t\t\t<i aria-hidden=\"true\" class=\"fas fa-chevron-circle-right\"><\/i>\t\t\t\t\t\t<\/span>\n\t\t\t\t\t\t\t\t\t<\/div>\n\t\t\t\t\t\t\t\t\t\t\t\t<div class=\"pp-infolist-content-wrapper\">\n\t\t\t\t\t\t\t\t\t\t\t\t\t\t\t\t\t\t\t\t\t<div class=\"pp-info-list-title\">\n\t\t\t\t\t\t\t\t\t\t\t\t\t\t\t\t\t\t\t\t\t\t\tDi\u011fer Bulgular:\t\t\t\t\t\t\t\t\t\t\t\t\t\t\t\t\t\t\t\t\t\t<\/div>\n\t\t\t\t\t\t\t\t\t\t\t\t\t\t\t\t\t\t\t\t\t\t\t\t\t\t\t\t\t\t\t<div class=\"pp-info-list-description\">\n\t\t\t\t\t\t\t\t\t\t\t\t\u2013 G\u00f6bek f\u0131t\u0131\u011f\u0131 (100%)\n<br>\n\u2013 Kas\u0131k f\u0131t\u0131\u011f\u0131 (100%)\n<br>\n\u2013 Boyun veya ekstremitelerde a\u015f\u0131r\u0131 ve gev\u015fek cilt (93%)\n<br>\n\u2013 Kriptor\u015fidizm (60%)\n<br>\n\u2013 Hiperbilirubinemi (50%) \t\t\t\t\t\t\t\t\t\t\t<\/div>\n\t\t\t\t\t\t\t\t\t\t\t\t\t\t\t\t\t\t\t\t\t\t\t\t\t\t\t\t\t\t<\/div>\n\t\t\t\t\t\t\t\t<\/div>\n\t\t\t\t\t\t\t\t\t\t\t\t\t<\/li>\n\t\t\t\t\t\t\t\t\t\t\t\t\t<\/ul>\n\t\t<\/div>\n\t\t\t\t<\/div>\n\t\t\t\t<\/div>\n\t\t\t\t<div class=\"elementor-element elementor-element-4670656 elementor-widget elementor-widget-heading\" data-id=\"4670656\" data-element_type=\"widget\" data-no-translation=\"\" data-widget_type=\"heading.default\">\n\t\t\t\t<div class=\"elementor-widget-container\">\n\t\t\t<style>.elementor-element-4670656{display:none !important}<\/style>\t\t<\/div>\n\t\t\t\t<\/div>\n\t\t\t\t<div class=\"elementor-element elementor-element-b9bc569 pp-info-list-icon-left pp-info-list-icon-vertical-middle elementor-widget elementor-widget-pp-info-list\" data-id=\"b9bc569\" data-element_type=\"widget\" data-no-translation=\"\" data-widget_type=\"pp-info-list.default\">\n\t\t\t\t<div class=\"elementor-widget-container\">\n\t\t\t<style>.elementor-element-b9bc569{display:none !important}<\/style>\t\t<\/div>\n\t\t\t\t<\/div>\n\t\t\t\t<div class=\"elementor-element elementor-element-10f6fdd elementor-widget elementor-widget-heading\" data-id=\"10f6fdd\" data-element_type=\"widget\" data-no-translation=\"\" data-widget_type=\"heading.default\">\n\t\t\t\t<div class=\"elementor-widget-container\">\n\t\t\t<style>.elementor-element-10f6fdd{display:none !important}<\/style>\t\t<\/div>\n\t\t\t\t<\/div>\n\t\t\t\t<div class=\"elementor-element elementor-element-96fbb61 pp-info-list-icon-left pp-info-list-icon-vertical-middle elementor-widget elementor-widget-pp-info-list\" data-id=\"96fbb61\" data-element_type=\"widget\" data-no-translation=\"\" data-widget_type=\"pp-info-list.default\">\n\t\t\t\t<div class=\"elementor-widget-container\">\n\t\t\t<style>.elementor-element-96fbb61{display:none !important}<\/style>\t\t<\/div>\n\t\t\t\t<\/div>\n\t\t\t\t<div class=\"elementor-element elementor-element-7bed51a elementor-widget elementor-widget-heading\" data-id=\"7bed51a\" data-element_type=\"widget\" data-no-translation=\"\" data-widget_type=\"heading.default\">\n\t\t\t\t<div class=\"elementor-widget-container\">\n\t\t\t<style>.elementor-element-7bed51a{display:none !important}<\/style>\t\t<\/div>\n\t\t\t\t<\/div>\n\t\t\t\t<div class=\"elementor-element elementor-element-78e45ae elementor-widget elementor-widget-text-editor\" data-id=\"78e45ae\" data-element_type=\"widget\" data-no-translation=\"\" data-widget_type=\"text-editor.default\">\n\t\t\t\t<div class=\"elementor-widget-container\">\n\t\t\t<style>.elementor-element-78e45ae{display:none !important}<\/style>\t\t<\/div>\n\t\t\t\t<\/div>\n\t\t\t\t<div class=\"elementor-element elementor-element-5c240fb elementor-widget elementor-widget-text-editor\" data-id=\"5c240fb\" data-element_type=\"widget\" data-no-translation=\"\" data-widget_type=\"text-editor.default\">\n\t\t\t\t<div class=\"elementor-widget-container\">\n\t\t\t<style>.elementor-element-5c240fb{display:none !important}<\/style>\t\t<\/div>\n\t\t\t\t<\/div>\n\t\t\t\t<div class=\"elementor-element elementor-element-df60d36 elementor-widget elementor-widget-text-editor\" data-id=\"df60d36\" data-element_type=\"widget\" data-no-translation=\"\" data-widget_type=\"text-editor.default\">\n\t\t\t\t<div class=\"elementor-widget-container\">\n\t\t\t<style>.elementor-element-df60d36{display:none !important}<\/style>\t\t<\/div>\n\t\t\t\t<\/div>\n\t\t\t\t\t<\/div>\n\t\t\t\t<\/div>\n\t\t\t\t<\/div>","protected":false},"excerpt":{"rendered":"<p>Also known as Weaver-Smith Syndrome. First described in 1974 by Dr. David Weaver. Short Description: A syndrome of large birth size, accelerated growth and skeletal maturation, associated with limb, craniofacial, neurological, and other abnormalities. Craniofacial anomalies consist of a broad forehead, flat occiput, large ears, hypertelorism, long philtrum, and relative micrognathia. Limb abnormalities include prominent &hellip; <\/p>\n<p class=\"link-more\"><a href=\"https:\/\/rumeysagelgi.com\/tr\/what-is-weaver-syndrome\/\" class=\"more-link\">Okumaya devam et<span class=\"screen-reader-text\"> &#8220;What is Weaver Syndrome?&#8221;<\/span><\/a><\/p>","protected":false},"author":2,"featured_media":0,"parent":0,"menu_order":0,"comment_status":"closed","ping_status":"closed","template":"","meta":{"_eb_attr":"","_gspb_post_css":"","wp_social_preview_title":"","wp_social_preview_description":"","wp_social_preview_image":0,"footnotes":""},"class_list":["post-279","page","type-page","status-publish","hentry"],"yoast_head":"<!-- This site is optimized with the Yoast SEO plugin v22.0 - https:\/\/yoast.com\/wordpress\/plugins\/seo\/ -->\n<title>What is Weaver Syndrome? - Rumeysa Gelgi<\/title>\n<meta name=\"robots\" content=\"index, follow, max-snippet:-1, max-image-preview:large, max-video-preview:-1\" \/>\n<link rel=\"canonical\" href=\"https:\/\/rumeysagelgi.com\/tr\/what-is-weaver-syndrome\/\" \/>\n<meta property=\"og:locale\" content=\"tr_TR\" \/>\n<meta property=\"og:type\" content=\"article\" \/>\n<meta property=\"og:title\" content=\"What is Weaver Syndrome? - Rumeysa Gelgi\" \/>\n<meta property=\"og:description\" content=\"Also known as Weaver-Smith Syndrome. First described in 1974 by Dr. David Weaver. Short Description: A syndrome of large birth size, accelerated growth and skeletal maturation, associated with limb, craniofacial, neurological, and other abnormalities. Craniofacial anomalies consist of a broad forehead, flat occiput, large ears, hypertelorism, long philtrum, and relative micrognathia. Limb abnormalities include prominent &hellip; Okumaya devam et &quot;What is Weaver Syndrome?&quot;\" \/>\n<meta property=\"og:url\" content=\"https:\/\/rumeysagelgi.com\/tr\/what-is-weaver-syndrome\/\" \/>\n<meta property=\"og:site_name\" content=\"Rumeysa Gelgi\" \/>\n<meta property=\"article:modified_time\" content=\"2023-04-29T14:54:09+00:00\" \/>\n<meta name=\"twitter:card\" content=\"summary_large_image\" \/>\n<meta name=\"twitter:label1\" content=\"Tahmini okuma s\u00fcresi\" \/>\n\t<meta name=\"twitter:data1\" content=\"3 dakika\" \/>\n<script type=\"application\/ld+json\" class=\"yoast-schema-graph\">{\"@context\":\"https:\/\/schema.org\",\"@graph\":[{\"@type\":\"WebPage\",\"@id\":\"https:\/\/rumeysagelgi.com\/what-is-weaver-syndrome\/\",\"url\":\"https:\/\/rumeysagelgi.com\/what-is-weaver-syndrome\/\",\"name\":\"What is Weaver Syndrome? - Rumeysa Gelgi\",\"isPartOf\":{\"@id\":\"https:\/\/rumeysagelgi.com\/#website\"},\"datePublished\":\"2023-04-28T20:36:01+00:00\",\"dateModified\":\"2023-04-29T14:54:09+00:00\",\"breadcrumb\":{\"@id\":\"https:\/\/rumeysagelgi.com\/what-is-weaver-syndrome\/#breadcrumb\"},\"inLanguage\":\"tr\",\"potentialAction\":[{\"@type\":\"ReadAction\",\"target\":[\"https:\/\/rumeysagelgi.com\/what-is-weaver-syndrome\/\"]}]},{\"@type\":\"BreadcrumbList\",\"@id\":\"https:\/\/rumeysagelgi.com\/what-is-weaver-syndrome\/#breadcrumb\",\"itemListElement\":[{\"@type\":\"ListItem\",\"position\":1,\"name\":\"Home\",\"item\":\"https:\/\/rumeysagelgi.com\/\"},{\"@type\":\"ListItem\",\"position\":2,\"name\":\"What is Weaver Syndrome?\"}]},{\"@type\":\"WebSite\",\"@id\":\"https:\/\/rumeysagelgi.com\/#website\",\"url\":\"https:\/\/rumeysagelgi.com\/\",\"name\":\"Rumeysa Gelgi\",\"description\":\"Welcome to Rumeysa Gelgi&#039;s official website.\",\"potentialAction\":[{\"@type\":\"SearchAction\",\"target\":{\"@type\":\"EntryPoint\",\"urlTemplate\":\"https:\/\/rumeysagelgi.com\/?s={search_term_string}\"},\"query-input\":\"required name=search_term_string\"}],\"inLanguage\":\"tr\"}]}<\/script>\n<!-- \/ Yoast SEO plugin. -->","yoast_head_json":{"title":"What is Weaver Syndrome? - Rumeysa Gelgi","robots":{"index":"index","follow":"follow","max-snippet":"max-snippet:-1","max-image-preview":"max-image-preview:large","max-video-preview":"max-video-preview:-1"},"canonical":"https:\/\/rumeysagelgi.com\/tr\/what-is-weaver-syndrome\/","og_locale":"tr_TR","og_type":"article","og_title":"What is Weaver Syndrome? - Rumeysa Gelgi","og_description":"Also known as Weaver-Smith Syndrome. First described in 1974 by Dr. David Weaver. Short Description: A syndrome of large birth size, accelerated growth and skeletal maturation, associated with limb, craniofacial, neurological, and other abnormalities. Craniofacial anomalies consist of a broad forehead, flat occiput, large ears, hypertelorism, long philtrum, and relative micrognathia. Limb abnormalities include prominent &hellip; Okumaya devam et \"What is Weaver Syndrome?\"","og_url":"https:\/\/rumeysagelgi.com\/tr\/what-is-weaver-syndrome\/","og_site_name":"Rumeysa Gelgi","article_modified_time":"2023-04-29T14:54:09+00:00","twitter_card":"summary_large_image","twitter_misc":{"Tahmini okuma s\u00fcresi":"3 dakika"},"schema":{"@context":"https:\/\/schema.org","@graph":[{"@type":"WebPage","@id":"https:\/\/rumeysagelgi.com\/what-is-weaver-syndrome\/","url":"https:\/\/rumeysagelgi.com\/what-is-weaver-syndrome\/","name":"What is Weaver Syndrome? - Rumeysa Gelgi","isPartOf":{"@id":"https:\/\/rumeysagelgi.com\/#website"},"datePublished":"2023-04-28T20:36:01+00:00","dateModified":"2023-04-29T14:54:09+00:00","breadcrumb":{"@id":"https:\/\/rumeysagelgi.com\/what-is-weaver-syndrome\/#breadcrumb"},"inLanguage":"tr","potentialAction":[{"@type":"ReadAction","target":["https:\/\/rumeysagelgi.com\/what-is-weaver-syndrome\/"]}]},{"@type":"BreadcrumbList","@id":"https:\/\/rumeysagelgi.com\/what-is-weaver-syndrome\/#breadcrumb","itemListElement":[{"@type":"ListItem","position":1,"name":"Home","item":"https:\/\/rumeysagelgi.com\/"},{"@type":"ListItem","position":2,"name":"What is Weaver Syndrome?"}]},{"@type":"WebSite","@id":"https:\/\/rumeysagelgi.com\/#website","url":"https:\/\/rumeysagelgi.com\/","name":"Rumeysa Gelgi","description":"Welcome to Rumeysa Gelgi&#039;s official website.","potentialAction":[{"@type":"SearchAction","target":{"@type":"EntryPoint","urlTemplate":"https:\/\/rumeysagelgi.com\/?s={search_term_string}"},"query-input":"required name=search_term_string"}],"inLanguage":"tr"}]}},"_links":{"self":[{"href":"https:\/\/rumeysagelgi.com\/tr\/wp-json\/wp\/v2\/pages\/279","targetHints":{"allow":["GET"]}}],"collection":[{"href":"https:\/\/rumeysagelgi.com\/tr\/wp-json\/wp\/v2\/pages"}],"about":[{"href":"https:\/\/rumeysagelgi.com\/tr\/wp-json\/wp\/v2\/types\/page"}],"author":[{"embeddable":true,"href":"https:\/\/rumeysagelgi.com\/tr\/wp-json\/wp\/v2\/users\/2"}],"replies":[{"embeddable":true,"href":"https:\/\/rumeysagelgi.com\/tr\/wp-json\/wp\/v2\/comments?post=279"}],"version-history":[{"count":73,"href":"https:\/\/rumeysagelgi.com\/tr\/wp-json\/wp\/v2\/pages\/279\/revisions"}],"predecessor-version":[{"id":358,"href":"https:\/\/rumeysagelgi.com\/tr\/wp-json\/wp\/v2\/pages\/279\/revisions\/358"}],"wp:attachment":[{"href":"https:\/\/rumeysagelgi.com\/tr\/wp-json\/wp\/v2\/media?parent=279"}],"curies":[{"name":"wp","href":"https:\/\/api.w.org\/{rel}","templated":true}]}}