{"id":359,"date":"2023-04-29T15:43:53","date_gmt":"2023-04-29T15:43:53","guid":{"rendered":"https:\/\/wp.rumeysagelgi.com\/?page_id=359"},"modified":"2023-04-30T19:50:20","modified_gmt":"2023-04-30T19:50:20","slug":"childhood-pictures","status":"publish","type":"page","link":"https:\/\/rumeysagelgi.com\/tr\/childhood-pictures\/","title":{"rendered":"\u00c7ocukluk Foto\u011fraflar\u0131"},"content":{"rendered":"<div data-elementor-type=\"wp-page\" data-elementor-id=\"359\" class=\"elementor elementor-359\">\n\t\t\t\t<div class=\"elementor-element elementor-element-d93e256 e-flex e-con-boxed e-con e-parent\" data-id=\"d93e256\" data-element_type=\"container\" data-settings=\"{&quot;content_width&quot;:&quot;boxed&quot;}\" data-core-v316-plus=\"true\">\n\t\t\t\t\t<div class=\"e-con-inner\">\n\t\t\t\t<div class=\"elementor-element elementor-element-9f7778c elementor-widget elementor-widget-shortcode\" data-id=\"9f7778c\" data-element_type=\"widget\" data-widget_type=\"shortcode.default\">\n\t\t\t\t<div class=\"elementor-widget-container\">\n\t\t\t\t\t<div class=\"elementor-shortcode\"><div class=\"foogallery foogallery-container foogallery-masonry foogallery-lightbox-foobox fg-center fg-gutter-large fg-masonry fg-light fg-round-small fg-shadow-medium fg-loading-default fg-loaded-slide-down fg-hover-zoomed fg-caption-hover fg-hover-fade fg-hover-zoom fg-c-c fg-ready fg-col3\" id=\"foogallery-gallery-638\" data-foogallery=\"{&quot;item&quot;:{&quot;showCaptionTitle&quot;:true,&quot;showCaptionDescription&quot;:false},&quot;lazy&quot;:true}\" >\r\n\t\t<div class=\"fg-column-width\"><\/div>\r\n\t<div class=\"fg-gutter-width\"><\/div>\r\n\t\t<div class=\"fg-item fg-type-image fg-idle\"><figure class=\"fg-item-inner\"><a href=\"https:\/\/rumeysagelgi.com\/wp-content\/uploads\/2023\/04\/1-month-old.jpg\" data-caption-title=\"a month\" data-attachment-id=\"371\" data-type=\"image\" class=\"fg-thumb\"><span class=\"fg-image-wrap\"><img decoding=\"async\" title=\"1 ayl\u0131k\" width=\"250\" height=\"171\" class=\"skip-lazy fg-image\" data-src-fg=\"https:\/\/rumeysagelgi.com\/wp-content\/uploads\/cache\/2023\/04\/1-month-old\/2750371051.jpg\" src=\"data:image\/svg+xml,%3Csvg%20xmlns%3D%22http%3A%2F%2Fwww.w3.org%2F2000%2Fsvg%22%20width%3D%22250%22%20height%3D%22171%22%20viewBox%3D%220%200%20250%20171%22%3E%3C%2Fsvg%3E\" loading=\"eager\"><\/span><span class=\"fg-image-overlay\"><\/span><\/a><figcaption class=\"fg-caption\"><div class=\"fg-caption-inner\"><div class=\"fg-caption-title\">1 ayl\u0131k<\/div><\/div><\/figcaption><\/figure><div class=\"fg-loader\"><\/div><\/div><div class=\"fg-item fg-type-image fg-idle\"><figure class=\"fg-item-inner\"><a href=\"https:\/\/rumeysagelgi.com\/wp-content\/uploads\/2023\/04\/7-months-old.jpg\" data-caption-title=\"7 months\" data-attachment-id=\"372\" data-type=\"image\" class=\"fg-thumb\"><span class=\"fg-image-wrap\"><img fetchpriority=\"high\" decoding=\"async\" title=\"7 ayl\u0131k\" width=\"250\" height=\"362\" class=\"skip-lazy fg-image\" data-src-fg=\"https:\/\/rumeysagelgi.com\/wp-content\/uploads\/cache\/2023\/04\/7-months-old\/2391004527.jpg\" src=\"data:image\/svg+xml,%3Csvg%20xmlns%3D%22http%3A%2F%2Fwww.w3.org%2F2000%2Fsvg%22%20width%3D%22250%22%20height%3D%22362%22%20viewBox%3D%220%200%20250%20362%22%3E%3C%2Fsvg%3E\" loading=\"eager\"><\/span><span class=\"fg-image-overlay\"><\/span><\/a><figcaption class=\"fg-caption\"><div class=\"fg-caption-inner\"><div class=\"fg-caption-title\">7 ayl\u0131k<\/div><\/div><\/figcaption><\/figure><div class=\"fg-loader\"><\/div><\/div><div class=\"fg-item fg-type-image fg-idle\"><figure class=\"fg-item-inner\"><a href=\"https:\/\/rumeysagelgi.com\/wp-content\/uploads\/2023\/04\/15-months-old.jpg\" data-caption-title=\"15 months\" data-attachment-id=\"373\" data-type=\"image\" class=\"fg-thumb\"><span class=\"fg-image-wrap\"><img decoding=\"async\" title=\"15 ayl\u0131k\" width=\"250\" height=\"169\" class=\"skip-lazy fg-image\" data-src-fg=\"https:\/\/rumeysagelgi.com\/wp-content\/uploads\/cache\/2023\/04\/15-months-old\/2803223462.jpg\" src=\"data:image\/svg+xml,%3Csvg%20xmlns%3D%22http%3A%2F%2Fwww.w3.org%2F2000%2Fsvg%22%20width%3D%22250%22%20height%3D%22169%22%20viewBox%3D%220%200%20250%20169%22%3E%3C%2Fsvg%3E\" loading=\"eager\"><\/span><span class=\"fg-image-overlay\"><\/span><\/a><figcaption class=\"fg-caption\"><div class=\"fg-caption-inner\"><div class=\"fg-caption-title\">15 ayl\u0131k<\/div><\/div><\/figcaption><\/figure><div class=\"fg-loader\"><\/div><\/div><div class=\"fg-item fg-type-image fg-idle\"><figure class=\"fg-item-inner\"><a href=\"https:\/\/rumeysagelgi.com\/wp-content\/uploads\/2023\/04\/3-years-old.jpg\" data-caption-title=\"age 3\" data-attachment-id=\"374\" data-type=\"image\" class=\"fg-thumb\"><span class=\"fg-image-wrap\"><img decoding=\"async\" title=\"3 ya\u015f\" width=\"250\" height=\"366\" class=\"skip-lazy fg-image\" data-src-fg=\"https:\/\/rumeysagelgi.com\/wp-content\/uploads\/cache\/2023\/04\/3-years-old\/347581860.jpg\" src=\"data:image\/svg+xml,%3Csvg%20xmlns%3D%22http%3A%2F%2Fwww.w3.org%2F2000%2Fsvg%22%20width%3D%22250%22%20height%3D%22366%22%20viewBox%3D%220%200%20250%20366%22%3E%3C%2Fsvg%3E\" loading=\"eager\"><\/span><span class=\"fg-image-overlay\"><\/span><\/a><figcaption class=\"fg-caption\"><div class=\"fg-caption-inner\"><div class=\"fg-caption-title\">3 ya\u015f<\/div><\/div><\/figcaption><\/figure><div class=\"fg-loader\"><\/div><\/div><div class=\"fg-item fg-type-image fg-idle\"><figure class=\"fg-item-inner\"><a href=\"https:\/\/rumeysagelgi.com\/wp-content\/uploads\/2023\/04\/3-years-old-2.jpg\" data-caption-title=\"age 3\" data-attachment-id=\"375\" data-type=\"image\" class=\"fg-thumb\"><span class=\"fg-image-wrap\"><img decoding=\"async\" title=\"3 ya\u015f\" width=\"250\" height=\"367\" class=\"skip-lazy fg-image\" data-src-fg=\"https:\/\/rumeysagelgi.com\/wp-content\/uploads\/cache\/2023\/04\/3-years-old-2\/3840030893.jpg\" src=\"data:image\/svg+xml,%3Csvg%20xmlns%3D%22http%3A%2F%2Fwww.w3.org%2F2000%2Fsvg%22%20width%3D%22250%22%20height%3D%22367%22%20viewBox%3D%220%200%20250%20367%22%3E%3C%2Fsvg%3E\" loading=\"eager\"><\/span><span class=\"fg-image-overlay\"><\/span><\/a><figcaption class=\"fg-caption\"><div class=\"fg-caption-inner\"><div class=\"fg-caption-title\">3 ya\u015f<\/div><\/div><\/figcaption><\/figure><div class=\"fg-loader\"><\/div><\/div><div class=\"fg-item fg-type-image fg-idle\"><figure class=\"fg-item-inner\"><a href=\"https:\/\/rumeysagelgi.com\/wp-content\/uploads\/2023\/04\/3-and-a-half-years-old.jpg\" data-caption-title=\"age 3 and a half\" data-attachment-id=\"376\" data-type=\"image\" class=\"fg-thumb\"><span class=\"fg-image-wrap\"><img decoding=\"async\" title=\"3 bu\u00e7uk ya\u015f\" width=\"250\" height=\"366\" class=\"skip-lazy fg-image\" data-src-fg=\"https:\/\/rumeysagelgi.com\/wp-content\/uploads\/cache\/2023\/04\/3-and-a-half-years-old\/2989220125.jpg\" src=\"data:image\/svg+xml,%3Csvg%20xmlns%3D%22http%3A%2F%2Fwww.w3.org%2F2000%2Fsvg%22%20width%3D%22250%22%20height%3D%22366%22%20viewBox%3D%220%200%20250%20366%22%3E%3C%2Fsvg%3E\" loading=\"eager\"><\/span><span class=\"fg-image-overlay\"><\/span><\/a><figcaption class=\"fg-caption\"><div class=\"fg-caption-inner\"><div class=\"fg-caption-title\">3 bu\u00e7uk ya\u015f<\/div><\/div><\/figcaption><\/figure><div class=\"fg-loader\"><\/div><\/div><div class=\"fg-item fg-type-image fg-idle\"><figure class=\"fg-item-inner\"><a href=\"https:\/\/rumeysagelgi.com\/wp-content\/uploads\/2023\/04\/4-years-old-2-e1682784234648.jpg\" data-caption-title=\"age 4\" data-attachment-id=\"377\" data-type=\"image\" class=\"fg-thumb\"><span class=\"fg-image-wrap\"><img decoding=\"async\" title=\"4 ya\u015f\" width=\"250\" height=\"245\" class=\"skip-lazy fg-image\" data-src-fg=\"https:\/\/rumeysagelgi.com\/wp-content\/uploads\/cache\/2023\/04\/4-years-old-2-e1682784234648\/4262545709.jpg\" src=\"data:image\/svg+xml,%3Csvg%20xmlns%3D%22http%3A%2F%2Fwww.w3.org%2F2000%2Fsvg%22%20width%3D%22250%22%20height%3D%22245%22%20viewBox%3D%220%200%20250%20245%22%3E%3C%2Fsvg%3E\" loading=\"eager\"><\/span><span class=\"fg-image-overlay\"><\/span><\/a><figcaption class=\"fg-caption\"><div class=\"fg-caption-inner\"><div class=\"fg-caption-title\">4 ya\u015f<\/div><\/div><\/figcaption><\/figure><div class=\"fg-loader\"><\/div><\/div><div class=\"fg-item fg-type-image fg-idle\"><figure class=\"fg-item-inner\"><a href=\"https:\/\/rumeysagelgi.com\/wp-content\/uploads\/2023\/04\/HPIM0139.jpg\" data-caption-title=\"age 7\" data-attachment-id=\"378\" data-type=\"image\" class=\"fg-thumb\"><span class=\"fg-image-wrap\"><img decoding=\"async\" title=\"7 ya\u015f\" width=\"250\" height=\"333\" class=\"skip-lazy fg-image\" data-src-fg=\"https:\/\/rumeysagelgi.com\/wp-content\/uploads\/cache\/2023\/04\/HPIM0139\/2288311822.jpg\" src=\"data:image\/svg+xml,%3Csvg%20xmlns%3D%22http%3A%2F%2Fwww.w3.org%2F2000%2Fsvg%22%20width%3D%22250%22%20height%3D%22333%22%20viewBox%3D%220%200%20250%20333%22%3E%3C%2Fsvg%3E\" loading=\"eager\"><\/span><span class=\"fg-image-overlay\"><\/span><\/a><figcaption class=\"fg-caption\"><div class=\"fg-caption-inner\"><div class=\"fg-caption-title\">7 ya\u015f<\/div><\/div><\/figcaption><\/figure><div class=\"fg-loader\"><\/div><\/div><\/div><\/div>\n\t\t\t\t<\/div>\n\t\t\t\t<\/div>\n\t\t\t\t\t<\/div>\n\t\t\t\t<\/div>\n\t\t\t\t<\/div>","protected":false},"excerpt":{"rendered":"","protected":false},"author":2,"featured_media":0,"parent":0,"menu_order":0,"comment_status":"closed","ping_status":"closed","template":"","meta":{"_eb_attr":"","_gspb_post_css":"#gspb_container-id-gsbp-9e524343-7c24.gspb_container{position:relative;flex-direction:column;box-sizing:border-box}#gspb_container-id-gsbp-9e524343-7c24.gspb_container .gspb_container__content{margin:auto}#gspb_container-id-gsbp-9e524343-7c24.gspb_container>p:last-of-type{margin-bottom:0}","wp_social_preview_title":"","wp_social_preview_description":"","wp_social_preview_image":0,"footnotes":""},"class_list":["post-359","page","type-page","status-publish","hentry"],"yoast_head":"<!-- This site is optimized with the Yoast SEO plugin v22.0 - https:\/\/yoast.com\/wordpress\/plugins\/seo\/ -->\n<title>Childhood Pictures - Rumeysa Gelgi<\/title>\n<meta name=\"robots\" content=\"index, follow, max-snippet:-1, max-image-preview:large, max-video-preview:-1\" \/>\n<link rel=\"canonical\" href=\"https:\/\/rumeysagelgi.com\/tr\/childhood-pictures\/\" \/>\n<meta property=\"og:locale\" content=\"tr_TR\" \/>\n<meta property=\"og:type\" content=\"article\" \/>\n<meta property=\"og:title\" content=\"Childhood Pictures - Rumeysa Gelgi\" \/>\n<meta property=\"og:url\" content=\"https:\/\/rumeysagelgi.com\/tr\/childhood-pictures\/\" \/>\n<meta property=\"og:site_name\" content=\"Rumeysa Gelgi\" \/>\n<meta property=\"article:modified_time\" content=\"2023-04-30T19:50:20+00:00\" \/>\n<meta name=\"twitter:card\" content=\"summary_large_image\" \/>\n<script type=\"application\/ld+json\" class=\"yoast-schema-graph\">{\"@context\":\"https:\/\/schema.org\",\"@graph\":[{\"@type\":\"WebPage\",\"@id\":\"https:\/\/rumeysagelgi.com\/childhood-pictures\/\",\"url\":\"https:\/\/rumeysagelgi.com\/childhood-pictures\/\",\"name\":\"Childhood Pictures - Rumeysa Gelgi\",\"isPartOf\":{\"@id\":\"https:\/\/rumeysagelgi.com\/#website\"},\"datePublished\":\"2023-04-29T15:43:53+00:00\",\"dateModified\":\"2023-04-30T19:50:20+00:00\",\"breadcrumb\":{\"@id\":\"https:\/\/rumeysagelgi.com\/childhood-pictures\/#breadcrumb\"},\"inLanguage\":\"tr\",\"potentialAction\":[{\"@type\":\"ReadAction\",\"target\":[\"https:\/\/rumeysagelgi.com\/childhood-pictures\/\"]}]},{\"@type\":\"BreadcrumbList\",\"@id\":\"https:\/\/rumeysagelgi.com\/childhood-pictures\/#breadcrumb\",\"itemListElement\":[{\"@type\":\"ListItem\",\"position\":1,\"name\":\"Home\",\"item\":\"https:\/\/rumeysagelgi.com\/\"},{\"@type\":\"ListItem\",\"position\":2,\"name\":\"Childhood Pictures\"}]},{\"@type\":\"WebSite\",\"@id\":\"https:\/\/rumeysagelgi.com\/#website\",\"url\":\"https:\/\/rumeysagelgi.com\/\",\"name\":\"Rumeysa Gelgi\",\"description\":\"Welcome to Rumeysa Gelgi&#039;s official website.\",\"potentialAction\":[{\"@type\":\"SearchAction\",\"target\":{\"@type\":\"EntryPoint\",\"urlTemplate\":\"https:\/\/rumeysagelgi.com\/?s={search_term_string}\"},\"query-input\":\"required name=search_term_string\"}],\"inLanguage\":\"tr\"}]}<\/script>\n<!-- \/ Yoast SEO plugin. -->","yoast_head_json":{"title":"Childhood Pictures - Rumeysa Gelgi","robots":{"index":"index","follow":"follow","max-snippet":"max-snippet:-1","max-image-preview":"max-image-preview:large","max-video-preview":"max-video-preview:-1"},"canonical":"https:\/\/rumeysagelgi.com\/tr\/childhood-pictures\/","og_locale":"tr_TR","og_type":"article","og_title":"Childhood Pictures - Rumeysa Gelgi","og_url":"https:\/\/rumeysagelgi.com\/tr\/childhood-pictures\/","og_site_name":"Rumeysa Gelgi","article_modified_time":"2023-04-30T19:50:20+00:00","twitter_card":"summary_large_image","schema":{"@context":"https:\/\/schema.org","@graph":[{"@type":"WebPage","@id":"https:\/\/rumeysagelgi.com\/childhood-pictures\/","url":"https:\/\/rumeysagelgi.com\/childhood-pictures\/","name":"Childhood Pictures - Rumeysa Gelgi","isPartOf":{"@id":"https:\/\/rumeysagelgi.com\/#website"},"datePublished":"2023-04-29T15:43:53+00:00","dateModified":"2023-04-30T19:50:20+00:00","breadcrumb":{"@id":"https:\/\/rumeysagelgi.com\/childhood-pictures\/#breadcrumb"},"inLanguage":"tr","potentialAction":[{"@type":"ReadAction","target":["https:\/\/rumeysagelgi.com\/childhood-pictures\/"]}]},{"@type":"BreadcrumbList","@id":"https:\/\/rumeysagelgi.com\/childhood-pictures\/#breadcrumb","itemListElement":[{"@type":"ListItem","position":1,"name":"Home","item":"https:\/\/rumeysagelgi.com\/"},{"@type":"ListItem","position":2,"name":"Childhood Pictures"}]},{"@type":"WebSite","@id":"https:\/\/rumeysagelgi.com\/#website","url":"https:\/\/rumeysagelgi.com\/","name":"Rumeysa Gelgi","description":"Welcome to Rumeysa Gelgi&#039;s official website.","potentialAction":[{"@type":"SearchAction","target":{"@type":"EntryPoint","urlTemplate":"https:\/\/rumeysagelgi.com\/?s={search_term_string}"},"query-input":"required name=search_term_string"}],"inLanguage":"tr"}]}},"_links":{"self":[{"href":"https:\/\/rumeysagelgi.com\/tr\/wp-json\/wp\/v2\/pages\/359","targetHints":{"allow":["GET"]}}],"collection":[{"href":"https:\/\/rumeysagelgi.com\/tr\/wp-json\/wp\/v2\/pages"}],"about":[{"href":"https:\/\/rumeysagelgi.com\/tr\/wp-json\/wp\/v2\/types\/page"}],"author":[{"embeddable":true,"href":"https:\/\/rumeysagelgi.com\/tr\/wp-json\/wp\/v2\/users\/2"}],"replies":[{"embeddable":true,"href":"https:\/\/rumeysagelgi.com\/tr\/wp-json\/wp\/v2\/comments?post=359"}],"version-history":[{"count":36,"href":"https:\/\/rumeysagelgi.com\/tr\/wp-json\/wp\/v2\/pages\/359\/revisions"}],"predecessor-version":[{"id":641,"href":"https:\/\/rumeysagelgi.com\/tr\/wp-json\/wp\/v2\/pages\/359\/revisions\/641"}],"wp:attachment":[{"href":"https:\/\/rumeysagelgi.com\/tr\/wp-json\/wp\/v2\/media?parent=359"}],"curies":[{"name":"wp","href":"https:\/\/api.w.org\/{rel}","templated":true}]}}