{"id":413,"date":"2023-04-29T18:46:24","date_gmt":"2023-04-29T18:46:24","guid":{"rendered":"https:\/\/wp.rumeysagelgi.com\/?page_id=413"},"modified":"2023-04-29T19:51:08","modified_gmt":"2023-04-29T19:51:08","slug":"medical-articles-i-was-featured-on","status":"publish","type":"page","link":"https:\/\/rumeysagelgi.com\/tr\/medical-articles-i-was-featured-on\/","title":{"rendered":"Yer Ald\u0131\u011f\u0131m T\u0131p Makaleleri"},"content":{"rendered":"<div data-elementor-type=\"wp-page\" data-elementor-id=\"413\" class=\"elementor elementor-413\">\n\t\t\t\t<div class=\"elementor-element elementor-element-d7a4528 e-flex e-con-boxed e-con e-parent\" data-id=\"d7a4528\" data-element_type=\"container\" data-settings=\"{&quot;content_width&quot;:&quot;boxed&quot;}\" data-core-v316-plus=\"true\">\n\t\t\t\t\t<div class=\"e-con-inner\">\n\t\t\t\t<div class=\"elementor-element elementor-element-6745edf pp-info-box-left elementor-widget elementor-widget-pp-info-box\" data-id=\"6745edf\" data-element_type=\"widget\" data-settings=\"{&quot;icon_position&quot;:&quot;left&quot;}\" data-widget_type=\"pp-info-box.default\">\n\t\t\t\t<div class=\"elementor-widget-container\">\n\t\t\t\t\t<div class=\"pp-info-box-container\">\n\t\t\t<div class=\"pp-info-box\">\n\t\t\t\t\t\t\t\t\t<div class=\"pp-info-box-icon-wrap\">\n\t\t\t\t\t\t\t\t\t\t\t\t\t\t<span class=\"pp-info-box-icon pp-icon\">\n\t\t\t\t\t\t\t<i aria-hidden=\"true\" class=\"fas fa-book\"><\/i>\t\t\t\t\t\t<\/span>\n\t\t\t\t\t\t\t\t\t\t\t\t\t<\/div>\n\t\t\t\t\t\t\t\t<div class=\"pp-info-box-content\">\n\t\t\t\t\t<div class=\"pp-info-box-title-wrap\">\n\t\t\t\t\t\t\t\t\t\t\t\t\t<a class=\"pp-info-box-title-container\" href=\"https:\/\/pubmed.ncbi.nlm.nih.gov\/10441697\/\" target=\"_blank\">\n\t\t\t\t\t\t\t\t<h4 class=\"pp-info-box-title\">\n\t\t\t\t\t\t\t\t\tA case with Weaver syndrome operated for congenital cardiac defect\t\t\t\t\t\t\t\t<\/h4>\n\t\t\t\t\t\t\t<\/a>\n\t\t\t\t\t\t\t\t\t\t\t\t\t\t<h5 class=\"pp-info-box-subtitle\">\n\t\t\t\t\t\t\t\tA Sarig\u00fcl, M Yilmaz, S Ate\u015f, Y Yurdakul <br> September 1999, Pediatric Cardiology\t\t\t\t\t\t\t<\/h5>\n\t\t\t\t\t\t\t\t\t\t\t\t<\/div>\n\n\t\t\t\t\t\t\t\t\t\t\t<div class=\"pp-info-box-divider-wrap\">\n\t\t\t\t\t\t\t<div class=\"pp-info-box-divider\"><\/div>\n\t\t\t\t\t\t<\/div>\n\t\t\t\t\t\n\t\t\t\t\t\t\t\t\t\t\t<div class=\"pp-info-box-description\">\n\t\t\t\t\t\t\t<p>An 11-month-old Turkish female infant with Weaver syndrome together with atrial septal defect and patent ductus arteriosus which was operated successfully is reported. Weaver syndrome is a very rare disorder of unknown etiology characterized by accelerated growth of prenatal onset, advanced osseous maturation, special craniofacial features, umbilical hernia, and hoarse low-pitched cry. Congenital cardiac defect is not a usual finding. The presented case is the first reported child with Weaver syndrome in the literature operated for a congenital cardiac defect.<\/p>\t\t\t\t\t\t<\/div>\n\t\t\t\t\t\t\t\t\t\t\t\t\t\t<\/div>\n\t\t\t<\/div>\n\t\t<\/div>\n\t\t\t\t<\/div>\n\t\t\t\t<\/div>\n\t\t\t\t<div class=\"elementor-element elementor-element-15167b4 pp-info-box-left elementor-widget elementor-widget-pp-info-box\" data-id=\"15167b4\" data-element_type=\"widget\" data-settings=\"{&quot;icon_position&quot;:&quot;left&quot;}\" data-widget_type=\"pp-info-box.default\">\n\t\t\t\t<div class=\"elementor-widget-container\">\n\t\t\t\t\t<div class=\"pp-info-box-container\">\n\t\t\t<div class=\"pp-info-box\">\n\t\t\t\t\t\t\t\t\t<div class=\"pp-info-box-icon-wrap\">\n\t\t\t\t\t\t\t\t\t\t\t\t\t\t<span class=\"pp-info-box-icon pp-icon\">\n\t\t\t\t\t\t\t<i aria-hidden=\"true\" class=\"fas fa-book\"><\/i>\t\t\t\t\t\t<\/span>\n\t\t\t\t\t\t\t\t\t\t\t\t\t<\/div>\n\t\t\t\t\t\t\t\t<div class=\"pp-info-box-content\">\n\t\t\t\t\t<div class=\"pp-info-box-title-wrap\">\n\t\t\t\t\t\t\t\t\t\t\t\t\t<a class=\"pp-info-box-title-container\" href=\"https:\/\/pubmed.ncbi.nlm.nih.gov\/11085195\/\" target=\"_blank\">\n\t\t\t\t\t\t\t\t<h4 class=\"pp-info-box-title\">\n\t\t\t\t\t\t\t\t\tExcessive growth in a girl with Weaver syndrome\t\t\t\t\t\t\t\t<\/h4>\n\t\t\t\t\t\t\t<\/a>\n\t\t\t\t\t\t\t\t\t\t\t\t\t\t<h5 class=\"pp-info-box-subtitle\">\n\t\t\t\t\t\t\t\tB Ozkan, A Bereket <br> September 2000, Journal of Pediatric Endocrinology &amp; Metabolism\t\t\t\t\t\t\t<\/h5>\n\t\t\t\t\t\t\t\t\t\t\t\t<\/div>\n\n\t\t\t\t\t\t\t\t\t\t\t<div class=\"pp-info-box-divider-wrap\">\n\t\t\t\t\t\t\t<div class=\"pp-info-box-divider\"><\/div>\n\t\t\t\t\t\t<\/div>\n\t\t\t\t\t\n\t\t\t\t\t\t\t\t\t\t\t<div class=\"pp-info-box-description\">\n\t\t\t\t\t\t\t<p>A 24 month-old female with Weaver syndrome who has the most severe overgrowth among reported cases is presented. Prenatal history was remarkable for maternal hydantoin use throughout pregnancy. In addition to all major features of the syndrome, she displayed some novel features, including patent ductus arteriosus, atrial septal defect and diffuse thinning of the corpus callosum. Initially, carpal bone age was more advanced compared to phalangeal bone age, as expected in Weaver syndrome. However, phalangeal bone age caught up with carpal bone age during the follow-up period, suggesting that dysharmonic bone age advancement is an early feature of Weaver syndrome. The apparent male predominance in Weaver syndrome is generally ascribed to milder expression of the syndrome in females. The present patient, showing the most severe expression of the syndrome, refutes the notion that females with Weaver syndrome may have a milder form of the syndrome<\/p>\t\t\t\t\t\t<\/div>\n\t\t\t\t\t\t\t\t\t\t\t\t\t\t<\/div>\n\t\t\t<\/div>\n\t\t<\/div>\n\t\t\t\t<\/div>\n\t\t\t\t<\/div>\n\t\t\t\t<div class=\"elementor-element elementor-element-5d5692c pp-info-box-left elementor-widget elementor-widget-pp-info-box\" data-id=\"5d5692c\" data-element_type=\"widget\" data-settings=\"{&quot;icon_position&quot;:&quot;left&quot;}\" data-widget_type=\"pp-info-box.default\">\n\t\t\t\t<div class=\"elementor-widget-container\">\n\t\t\t\t\t<div class=\"pp-info-box-container\">\n\t\t\t<div class=\"pp-info-box\">\n\t\t\t\t\t\t\t\t\t<div class=\"pp-info-box-icon-wrap\">\n\t\t\t\t\t\t\t\t\t\t\t\t\t\t<span class=\"pp-info-box-icon pp-icon\">\n\t\t\t\t\t\t\t<i aria-hidden=\"true\" class=\"fas fa-book\"><\/i>\t\t\t\t\t\t<\/span>\n\t\t\t\t\t\t\t\t\t\t\t\t\t<\/div>\n\t\t\t\t\t\t\t\t<div class=\"pp-info-box-content\">\n\t\t\t\t\t<div class=\"pp-info-box-title-wrap\">\n\t\t\t\t\t\t\t\t\t\t\t\t\t<a class=\"pp-info-box-title-container\" href=\"https:\/\/pubmed.ncbi.nlm.nih.gov\/12510911\/\" target=\"_blank\">\n\t\t\t\t\t\t\t\t<h4 class=\"pp-info-box-title\">\n\t\t\t\t\t\t\t\t\tAnaesthesia for open-heart surgery in a patient with Weaver's syndrome\t\t\t\t\t\t\t\t<\/h4>\n\t\t\t\t\t\t\t<\/a>\n\t\t\t\t\t\t\t\t\t\t\t\t\t\t<h5 class=\"pp-info-box-subtitle\">\n\t\t\t\t\t\t\t\tB Celebioglu, F Yener <br> December 2002, European Journal of Anaesthesiology\t\t\t\t\t\t\t<\/h5>\n\t\t\t\t\t\t\t\t\t\t\t\t<\/div>\n\n\t\t\t\t\t\t\t\t\t\t\t<div class=\"pp-info-box-divider-wrap\">\n\t\t\t\t\t\t\t<div class=\"pp-info-box-divider\"><\/div>\n\t\t\t\t\t\t<\/div>\n\t\t\t\t\t\n\t\t\t\t\t\t\t\t\t\t\t<div class=\"pp-info-box-description\">\n\t\t\t\t\t\t\t<p><em>No abstract available.<\/em><\/p>\t\t\t\t\t\t<\/div>\n\t\t\t\t\t\t\t\t\t\t\t\t\t\t<\/div>\n\t\t\t<\/div>\n\t\t<\/div>\n\t\t\t\t<\/div>\n\t\t\t\t<\/div>\n\t\t\t\t<div class=\"elementor-element elementor-element-f526547 pp-info-box-left elementor-widget elementor-widget-pp-info-box\" data-id=\"f526547\" data-element_type=\"widget\" data-settings=\"{&quot;icon_position&quot;:&quot;left&quot;}\" data-widget_type=\"pp-info-box.default\">\n\t\t\t\t<div class=\"elementor-widget-container\">\n\t\t\t\t\t<div class=\"pp-info-box-container\">\n\t\t\t<div class=\"pp-info-box\">\n\t\t\t\t\t\t\t\t\t<div class=\"pp-info-box-icon-wrap\">\n\t\t\t\t\t\t\t\t\t\t\t\t\t\t<span class=\"pp-info-box-icon pp-icon\">\n\t\t\t\t\t\t\t<i aria-hidden=\"true\" class=\"fas fa-book\"><\/i>\t\t\t\t\t\t<\/span>\n\t\t\t\t\t\t\t\t\t\t\t\t\t<\/div>\n\t\t\t\t\t\t\t\t<div class=\"pp-info-box-content\">\n\t\t\t\t\t<div class=\"pp-info-box-title-wrap\">\n\t\t\t\t\t\t\t\t\t\t\t\t\t<a class=\"pp-info-box-title-container\" href=\"https:\/\/www.amazon.com\/Anesthesia-Metabolic-Dysmorphic-Syndromes-Childhood\/dp\/0781779383\" target=\"_blank\">\n\t\t\t\t\t\t\t\t<h4 class=\"pp-info-box-title\">\n\t\t\t\t\t\t\t\t\t Anesthesia for Genetic, Metabolic, And Dysmorphic Syndromes of Childhood\t\t\t\t\t\t\t\t<\/h4>\n\t\t\t\t\t\t\t<\/a>\n\t\t\t\t\t\t\t\t\t\t\t\t\t\t<h5 class=\"pp-info-box-subtitle\">\n\t\t\t\t\t\t\t\twritten by Victor C. Baum, Jennifer E. O'Flaherty <br> 2nd edition (October 1, 2006)\t\t\t\t\t\t\t<\/h5>\n\t\t\t\t\t\t\t\t\t\t\t\t<\/div>\n\n\t\t\t\t\t\t\t\t\t\t\t<div class=\"pp-info-box-divider-wrap\">\n\t\t\t\t\t\t\t<div class=\"pp-info-box-divider\"><\/div>\n\t\t\t\t\t\t<\/div>\n\t\t\t\t\t\n\t\t\t\t\t\t\t\t\t\t\t<div class=\"pp-info-box-description\">\n\t\t\t\t\t\t\t<p>Thoroughly updated for its Second Edition, this reference is the only single-source guide to the anesthetic management of children and adults with genetic, metabolic, and dysmorphic syndromes. In a format designed for quick, easy look-up, this edition provides an encyclopedic review of well over 500 distinct syndromes, with up-to-date information, complete current bibliographies, and over 140 clinical photographs.<\/p>\t\t\t\t\t\t<\/div>\n\t\t\t\t\t\t\t\t\t\t\t\t\t\t<\/div>\n\t\t\t<\/div>\n\t\t<\/div>\n\t\t\t\t<\/div>\n\t\t\t\t<\/div>\n\t\t\t\t<div class=\"elementor-element elementor-element-0aae2f9 pp-info-box-left elementor-widget elementor-widget-pp-info-box\" data-id=\"0aae2f9\" data-element_type=\"widget\" data-settings=\"{&quot;icon_position&quot;:&quot;left&quot;}\" data-widget_type=\"pp-info-box.default\">\n\t\t\t\t<div class=\"elementor-widget-container\">\n\t\t\t\t\t<div class=\"pp-info-box-container\">\n\t\t\t<div class=\"pp-info-box\">\n\t\t\t\t\t\t\t\t\t<div class=\"pp-info-box-icon-wrap\">\n\t\t\t\t\t\t\t\t\t\t\t\t\t\t<span class=\"pp-info-box-icon pp-icon\">\n\t\t\t\t\t\t\t<i aria-hidden=\"true\" class=\"fas fa-book\"><\/i>\t\t\t\t\t\t<\/span>\n\t\t\t\t\t\t\t\t\t\t\t\t\t<\/div>\n\t\t\t\t\t\t\t\t<div class=\"pp-info-box-content\">\n\t\t\t\t\t<div class=\"pp-info-box-title-wrap\">\n\t\t\t\t\t\t\t\t\t\t\t\t\t<a class=\"pp-info-box-title-container\" href=\"https:\/\/pubmed.ncbi.nlm.nih.gov\/29505006\/\" target=\"_blank\">\n\t\t\t\t\t\t\t\t<h4 class=\"pp-info-box-title\">\n\t\t\t\t\t\t\t\t\t Clinically suspected anaphylaxis induced by sugammadex in a patient with Weaver syndrome undergoing restrictive mammoplasty surgery\t\t\t\t\t\t\t\t<\/h4>\n\t\t\t\t\t\t\t<\/a>\n\t\t\t\t\t\t\t\t\t\t\t\t\t\t<h5 class=\"pp-info-box-subtitle\">\n\t\t\t\t\t\t\t\tNurdan Bedirli, Berrin I\u015f\u0131k, Mehrnoosh Bashiri, Kutluk Pampal, \u00d6mer Kurtipek <br> January 2018, Medicine (Baltimore)\t\t\t\t\t\t\t<\/h5>\n\t\t\t\t\t\t\t\t\t\t\t\t<\/div>\n\n\t\t\t\t\t\t\t\t\t\t\t<div class=\"pp-info-box-divider-wrap\">\n\t\t\t\t\t\t\t<div class=\"pp-info-box-divider\"><\/div>\n\t\t\t\t\t\t<\/div>\n\t\t\t\t\t\n\t\t\t\t\t\t\t\t\t\t\t<div class=\"pp-info-box-description\">\n\t\t\t\t\t\t\t<p>A 22-year-old woman with diagnosis of Weaver syndrome was scheduled for bilateral mammoplasty and resection of unilateral accessory breast tissue resection. Anesthesia was induced and maintained by propofol, rocuronium, and remifentanil. At the end of the operation, sugammadex was administered and resulted in initially hypotension and bradycardia then the situation worsened by premature ventricular contraction and bigeminy with tachycardia, bronchospasm, and hypoxia.<\/p>\t\t\t\t\t\t<\/div>\n\t\t\t\t\t\t\t\t\t\t\t\t\t\t<\/div>\n\t\t\t<\/div>\n\t\t<\/div>\n\t\t\t\t<\/div>\n\t\t\t\t<\/div>\n\t\t\t\t\t<\/div>\n\t\t\t\t<\/div>\n\t\t\t\t<\/div>","protected":false},"excerpt":{"rendered":"<p>A case with Weaver syndrome operated for congenital cardiac defect A Sarig\u00fcl, M Yilmaz, S Ate\u015f, Y Yurdakul September 1999, Pediatric Cardiology An 11-month-old Turkish female infant with Weaver syndrome together with atrial septal defect and patent ductus arteriosus which was operated successfully is reported. Weaver syndrome is a very rare disorder of unknown etiology &hellip; <\/p>\n<p class=\"link-more\"><a href=\"https:\/\/rumeysagelgi.com\/tr\/medical-articles-i-was-featured-on\/\" class=\"more-link\">Okumaya devam et<span class=\"screen-reader-text\"> &#8220;Medical Articles I Was Featured On&#8221;<\/span><\/a><\/p>","protected":false},"author":2,"featured_media":0,"parent":0,"menu_order":0,"comment_status":"closed","ping_status":"closed","template":"","meta":{"_eb_attr":"","_gspb_post_css":"","wp_social_preview_title":"","wp_social_preview_description":"","wp_social_preview_image":0,"footnotes":""},"class_list":["post-413","page","type-page","status-publish","hentry"],"yoast_head":"<!-- This site is optimized with the Yoast SEO plugin v22.0 - https:\/\/yoast.com\/wordpress\/plugins\/seo\/ -->\n<title>Medical Articles I Was Featured On - Rumeysa Gelgi<\/title>\n<meta name=\"robots\" content=\"index, follow, max-snippet:-1, max-image-preview:large, max-video-preview:-1\" \/>\n<link rel=\"canonical\" href=\"https:\/\/rumeysagelgi.com\/tr\/medical-articles-i-was-featured-on\/\" \/>\n<meta property=\"og:locale\" content=\"tr_TR\" \/>\n<meta property=\"og:type\" content=\"article\" \/>\n<meta property=\"og:title\" content=\"Medical Articles I Was Featured On - Rumeysa Gelgi\" \/>\n<meta property=\"og:description\" content=\"A case with Weaver syndrome operated for congenital cardiac defect A Sarig\u00fcl, M Yilmaz, S Ate\u015f, Y Yurdakul September 1999, Pediatric Cardiology An 11-month-old Turkish female infant with Weaver syndrome together with atrial septal defect and patent ductus arteriosus which was operated successfully is reported. Weaver syndrome is a very rare disorder of unknown etiology &hellip; Okumaya devam et &quot;Medical Articles I Was Featured On&quot;\" \/>\n<meta property=\"og:url\" content=\"https:\/\/rumeysagelgi.com\/tr\/medical-articles-i-was-featured-on\/\" \/>\n<meta property=\"og:site_name\" content=\"Rumeysa Gelgi\" \/>\n<meta property=\"article:modified_time\" content=\"2023-04-29T19:51:08+00:00\" \/>\n<meta name=\"twitter:card\" content=\"summary_large_image\" \/>\n<meta name=\"twitter:label1\" content=\"Tahmini okuma s\u00fcresi\" \/>\n\t<meta name=\"twitter:data1\" content=\"2 dakika\" \/>\n<script type=\"application\/ld+json\" class=\"yoast-schema-graph\">{\"@context\":\"https:\/\/schema.org\",\"@graph\":[{\"@type\":\"WebPage\",\"@id\":\"https:\/\/rumeysagelgi.com\/medical-articles-i-was-featured-on\/\",\"url\":\"https:\/\/rumeysagelgi.com\/medical-articles-i-was-featured-on\/\",\"name\":\"Medical Articles I Was Featured On - Rumeysa Gelgi\",\"isPartOf\":{\"@id\":\"https:\/\/rumeysagelgi.com\/#website\"},\"datePublished\":\"2023-04-29T18:46:24+00:00\",\"dateModified\":\"2023-04-29T19:51:08+00:00\",\"breadcrumb\":{\"@id\":\"https:\/\/rumeysagelgi.com\/medical-articles-i-was-featured-on\/#breadcrumb\"},\"inLanguage\":\"tr\",\"potentialAction\":[{\"@type\":\"ReadAction\",\"target\":[\"https:\/\/rumeysagelgi.com\/medical-articles-i-was-featured-on\/\"]}]},{\"@type\":\"BreadcrumbList\",\"@id\":\"https:\/\/rumeysagelgi.com\/medical-articles-i-was-featured-on\/#breadcrumb\",\"itemListElement\":[{\"@type\":\"ListItem\",\"position\":1,\"name\":\"Home\",\"item\":\"https:\/\/rumeysagelgi.com\/\"},{\"@type\":\"ListItem\",\"position\":2,\"name\":\"Medical Articles I Was Featured On\"}]},{\"@type\":\"WebSite\",\"@id\":\"https:\/\/rumeysagelgi.com\/#website\",\"url\":\"https:\/\/rumeysagelgi.com\/\",\"name\":\"Rumeysa Gelgi\",\"description\":\"Welcome to Rumeysa Gelgi&#039;s official website.\",\"potentialAction\":[{\"@type\":\"SearchAction\",\"target\":{\"@type\":\"EntryPoint\",\"urlTemplate\":\"https:\/\/rumeysagelgi.com\/?s={search_term_string}\"},\"query-input\":\"required name=search_term_string\"}],\"inLanguage\":\"tr\"}]}<\/script>\n<!-- \/ Yoast SEO plugin. -->","yoast_head_json":{"title":"Medical Articles I Was Featured On - Rumeysa Gelgi","robots":{"index":"index","follow":"follow","max-snippet":"max-snippet:-1","max-image-preview":"max-image-preview:large","max-video-preview":"max-video-preview:-1"},"canonical":"https:\/\/rumeysagelgi.com\/tr\/medical-articles-i-was-featured-on\/","og_locale":"tr_TR","og_type":"article","og_title":"Medical Articles I Was Featured On - Rumeysa Gelgi","og_description":"A case with Weaver syndrome operated for congenital cardiac defect A Sarig\u00fcl, M Yilmaz, S Ate\u015f, Y Yurdakul September 1999, Pediatric Cardiology An 11-month-old Turkish female infant with Weaver syndrome together with atrial septal defect and patent ductus arteriosus which was operated successfully is reported. Weaver syndrome is a very rare disorder of unknown etiology &hellip; Okumaya devam et \"Medical Articles I Was Featured On\"","og_url":"https:\/\/rumeysagelgi.com\/tr\/medical-articles-i-was-featured-on\/","og_site_name":"Rumeysa Gelgi","article_modified_time":"2023-04-29T19:51:08+00:00","twitter_card":"summary_large_image","twitter_misc":{"Tahmini okuma s\u00fcresi":"2 dakika"},"schema":{"@context":"https:\/\/schema.org","@graph":[{"@type":"WebPage","@id":"https:\/\/rumeysagelgi.com\/medical-articles-i-was-featured-on\/","url":"https:\/\/rumeysagelgi.com\/medical-articles-i-was-featured-on\/","name":"Medical Articles I Was Featured On - Rumeysa Gelgi","isPartOf":{"@id":"https:\/\/rumeysagelgi.com\/#website"},"datePublished":"2023-04-29T18:46:24+00:00","dateModified":"2023-04-29T19:51:08+00:00","breadcrumb":{"@id":"https:\/\/rumeysagelgi.com\/medical-articles-i-was-featured-on\/#breadcrumb"},"inLanguage":"tr","potentialAction":[{"@type":"ReadAction","target":["https:\/\/rumeysagelgi.com\/medical-articles-i-was-featured-on\/"]}]},{"@type":"BreadcrumbList","@id":"https:\/\/rumeysagelgi.com\/medical-articles-i-was-featured-on\/#breadcrumb","itemListElement":[{"@type":"ListItem","position":1,"name":"Home","item":"https:\/\/rumeysagelgi.com\/"},{"@type":"ListItem","position":2,"name":"Medical Articles I Was Featured On"}]},{"@type":"WebSite","@id":"https:\/\/rumeysagelgi.com\/#website","url":"https:\/\/rumeysagelgi.com\/","name":"Rumeysa Gelgi","description":"Welcome to Rumeysa Gelgi&#039;s official website.","potentialAction":[{"@type":"SearchAction","target":{"@type":"EntryPoint","urlTemplate":"https:\/\/rumeysagelgi.com\/?s={search_term_string}"},"query-input":"required name=search_term_string"}],"inLanguage":"tr"}]}},"_links":{"self":[{"href":"https:\/\/rumeysagelgi.com\/tr\/wp-json\/wp\/v2\/pages\/413","targetHints":{"allow":["GET"]}}],"collection":[{"href":"https:\/\/rumeysagelgi.com\/tr\/wp-json\/wp\/v2\/pages"}],"about":[{"href":"https:\/\/rumeysagelgi.com\/tr\/wp-json\/wp\/v2\/types\/page"}],"author":[{"embeddable":true,"href":"https:\/\/rumeysagelgi.com\/tr\/wp-json\/wp\/v2\/users\/2"}],"replies":[{"embeddable":true,"href":"https:\/\/rumeysagelgi.com\/tr\/wp-json\/wp\/v2\/comments?post=413"}],"version-history":[{"count":46,"href":"https:\/\/rumeysagelgi.com\/tr\/wp-json\/wp\/v2\/pages\/413\/revisions"}],"predecessor-version":[{"id":463,"href":"https:\/\/rumeysagelgi.com\/tr\/wp-json\/wp\/v2\/pages\/413\/revisions\/463"}],"wp:attachment":[{"href":"https:\/\/rumeysagelgi.com\/tr\/wp-json\/wp\/v2\/media?parent=413"}],"curies":[{"name":"wp","href":"https:\/\/api.w.org\/{rel}","templated":true}]}}