{"id":507,"date":"2023-04-29T21:28:06","date_gmt":"2023-04-29T21:28:06","guid":{"rendered":"https:\/\/wp.rumeysagelgi.com\/?page_id=507"},"modified":"2023-04-30T14:16:01","modified_gmt":"2023-04-30T14:16:01","slug":"blog","status":"publish","type":"page","link":"https:\/\/rumeysagelgi.com\/tr\/blog\/","title":{"rendered":"Blog"},"content":{"rendered":"<div data-elementor-type=\"wp-page\" data-elementor-id=\"507\" class=\"elementor elementor-507\">\n\t\t\t\t<div class=\"elementor-element elementor-element-15e368d e-flex e-con-boxed e-con e-parent\" data-id=\"15e368d\" data-element_type=\"container\" data-settings=\"{&quot;content_width&quot;:&quot;boxed&quot;}\" data-core-v316-plus=\"true\">\n\t\t\t\t\t<div class=\"e-con-inner\">\n\t\t\t\t<div class=\"elementor-element elementor-element-ab0f145 elementor-widget elementor-widget-shortcode\" data-id=\"ab0f145\" data-element_type=\"widget\" data-widget_type=\"shortcode.default\">\n\t\t\t\t<div class=\"elementor-widget-container\">\n\t\t\t\t\t<div class=\"elementor-shortcode\">\r\n\t\t<div class=\"bdp-post-grid-main bdp-design-1 bdpgrid-1 bdp-clearfix\">\r\n\t\t\t<div class=\"bdp-post-grid  bdp-medium-12 bdp-columns\">\r\n\t<div class=\"bdp-post-grid-content bdp-no-thumb-image\">\r\n\t\t\r\n\t\t<h2 class=\"bdp-post-title\">\r\n\t\t\t<a href=\"https:\/\/rumeysagelgi.com\/tr\/estetik-ameliyat-mi-saglik-sorunu-mu\/\">Estetik Ameliyat m\u0131? Sa\u011fl\u0131k Sorunu mu?<\/a>\r\n\t\t<\/h2>\r\n\r\n\t\t\t\t\t<div class=\"bdp-post-meta\">\r\n\t\t\t\t\t\t\t\t\t<span class=\"bdp-post-meta-innr bdp-user-img\">Rumeysa Gelgi<\/span>\r\n\t\t\t\t\t\t\t<\/div>\r\n\t\t\t\t\t<div class=\"bdp-post-content\">\r\n\t\t\t\t<div class=\"bdp-post-short-content\">Merhabalar, Size 6 ay \u00f6nce bug\u00fcn ge\u00e7irdi\u011fim son ameliyat\u0131mdan bahsetmek istiyorum. 21 Nisan 2017 tarihinde Ankara Gazi \u00dcniversitesi T\u0131p Fak\u00fcltesi...<\/div>\r\n\t\t\t\t\t\t\t\t\t<a href=\"https:\/\/rumeysagelgi.com\/tr\/estetik-ameliyat-mi-saglik-sorunu-mu\/\" class=\"bdp-readmorebtn\">Read More<\/a>\r\n\t\t\t\t\t\t\t<\/div>\r\n\t\t\t<\/div>\r\n<\/div><div class=\"bdp-post-grid  bdp-medium-12 bdp-columns\">\r\n\t<div class=\"bdp-post-grid-content bdp-no-thumb-image\">\r\n\t\t\r\n\t\t<h2 class=\"bdp-post-title\">\r\n\t\t\t<a href=\"https:\/\/rumeysagelgi.com\/tr\/skolyoz-ameliyatimin-1-yili\/\">Skolyoz Ameliyat\u0131m\u0131n 1. Y\u0131l\u0131<\/a>\r\n\t\t<\/h2>\r\n\r\n\t\t\t\t\t<div class=\"bdp-post-meta\">\r\n\t\t\t\t\t\t\t\t\t<span class=\"bdp-post-meta-innr bdp-user-img\">Rumeysa Gelgi<\/span>\r\n\t\t\t\t\t\t\t<\/div>\r\n\t\t\t\t\t<div class=\"bdp-post-content\">\r\n\t\t\t\t<div class=\"bdp-post-short-content\">Merhabalar, 1 y\u0131l \u00f6nce bug\u00fcn \u015fu saatlerde \u00e7ok a\u011f\u0131r bir ameliyattayd\u0131m. Evet, bug\u00fcn skolyoz ameliyat\u0131m\u0131 ge\u00e7ireli ve platinlerimle ya\u015famaya ba\u015flayal\u0131...<\/div>\r\n\t\t\t\t\t\t\t\t\t<a href=\"https:\/\/rumeysagelgi.com\/tr\/skolyoz-ameliyatimin-1-yili\/\" class=\"bdp-readmorebtn\">Read More<\/a>\r\n\t\t\t\t\t\t\t<\/div>\r\n\t\t\t<\/div>\r\n<\/div>\t\t<\/div>\r\n\r\n\t\t<\/div>\n\t\t\t\t<\/div>\n\t\t\t\t<\/div>\n\t\t\t\t\t<\/div>\n\t\t\t\t<\/div>\n\t\t\t\t<\/div>","protected":false},"excerpt":{"rendered":"","protected":false},"author":2,"featured_media":0,"parent":0,"menu_order":0,"comment_status":"closed","ping_status":"closed","template":"","meta":{"_eb_attr":"","_gspb_post_css":"","wp_social_preview_title":"","wp_social_preview_description":"","wp_social_preview_image":0,"footnotes":""},"class_list":["post-507","page","type-page","status-publish","hentry"],"yoast_head":"<!-- This site is optimized with the Yoast SEO plugin v22.0 - https:\/\/yoast.com\/wordpress\/plugins\/seo\/ -->\n<title>Blog - Rumeysa Gelgi<\/title>\n<meta name=\"robots\" content=\"index, follow, max-snippet:-1, max-image-preview:large, max-video-preview:-1\" \/>\n<link rel=\"canonical\" href=\"https:\/\/rumeysagelgi.com\/tr\/blog\/\" \/>\n<meta property=\"og:locale\" content=\"tr_TR\" \/>\n<meta property=\"og:type\" content=\"article\" \/>\n<meta property=\"og:title\" content=\"Blog - Rumeysa Gelgi\" \/>\n<meta property=\"og:url\" content=\"https:\/\/rumeysagelgi.com\/tr\/blog\/\" \/>\n<meta property=\"og:site_name\" content=\"Rumeysa Gelgi\" \/>\n<meta property=\"article:modified_time\" content=\"2023-04-30T14:16:01+00:00\" \/>\n<meta name=\"twitter:card\" content=\"summary_large_image\" \/>\n<script type=\"application\/ld+json\" class=\"yoast-schema-graph\">{\"@context\":\"https:\/\/schema.org\",\"@graph\":[{\"@type\":\"WebPage\",\"@id\":\"https:\/\/rumeysagelgi.com\/blog\/\",\"url\":\"https:\/\/rumeysagelgi.com\/blog\/\",\"name\":\"Blog - Rumeysa Gelgi\",\"isPartOf\":{\"@id\":\"https:\/\/rumeysagelgi.com\/#website\"},\"datePublished\":\"2023-04-29T21:28:06+00:00\",\"dateModified\":\"2023-04-30T14:16:01+00:00\",\"breadcrumb\":{\"@id\":\"https:\/\/rumeysagelgi.com\/blog\/#breadcrumb\"},\"inLanguage\":\"tr\",\"potentialAction\":[{\"@type\":\"ReadAction\",\"target\":[\"https:\/\/rumeysagelgi.com\/blog\/\"]}]},{\"@type\":\"BreadcrumbList\",\"@id\":\"https:\/\/rumeysagelgi.com\/blog\/#breadcrumb\",\"itemListElement\":[{\"@type\":\"ListItem\",\"position\":1,\"name\":\"Home\",\"item\":\"https:\/\/rumeysagelgi.com\/\"},{\"@type\":\"ListItem\",\"position\":2,\"name\":\"Blog\"}]},{\"@type\":\"WebSite\",\"@id\":\"https:\/\/rumeysagelgi.com\/#website\",\"url\":\"https:\/\/rumeysagelgi.com\/\",\"name\":\"Rumeysa Gelgi\",\"description\":\"Welcome to Rumeysa Gelgi&#039;s official website.\",\"potentialAction\":[{\"@type\":\"SearchAction\",\"target\":{\"@type\":\"EntryPoint\",\"urlTemplate\":\"https:\/\/rumeysagelgi.com\/?s={search_term_string}\"},\"query-input\":\"required name=search_term_string\"}],\"inLanguage\":\"tr\"}]}<\/script>\n<!-- \/ Yoast SEO plugin. -->","yoast_head_json":{"title":"Blog - Rumeysa Gelgi","robots":{"index":"index","follow":"follow","max-snippet":"max-snippet:-1","max-image-preview":"max-image-preview:large","max-video-preview":"max-video-preview:-1"},"canonical":"https:\/\/rumeysagelgi.com\/tr\/blog\/","og_locale":"tr_TR","og_type":"article","og_title":"Blog - Rumeysa Gelgi","og_url":"https:\/\/rumeysagelgi.com\/tr\/blog\/","og_site_name":"Rumeysa Gelgi","article_modified_time":"2023-04-30T14:16:01+00:00","twitter_card":"summary_large_image","schema":{"@context":"https:\/\/schema.org","@graph":[{"@type":"WebPage","@id":"https:\/\/rumeysagelgi.com\/blog\/","url":"https:\/\/rumeysagelgi.com\/blog\/","name":"Blog - Rumeysa Gelgi","isPartOf":{"@id":"https:\/\/rumeysagelgi.com\/#website"},"datePublished":"2023-04-29T21:28:06+00:00","dateModified":"2023-04-30T14:16:01+00:00","breadcrumb":{"@id":"https:\/\/rumeysagelgi.com\/blog\/#breadcrumb"},"inLanguage":"tr","potentialAction":[{"@type":"ReadAction","target":["https:\/\/rumeysagelgi.com\/blog\/"]}]},{"@type":"BreadcrumbList","@id":"https:\/\/rumeysagelgi.com\/blog\/#breadcrumb","itemListElement":[{"@type":"ListItem","position":1,"name":"Home","item":"https:\/\/rumeysagelgi.com\/"},{"@type":"ListItem","position":2,"name":"Blog"}]},{"@type":"WebSite","@id":"https:\/\/rumeysagelgi.com\/#website","url":"https:\/\/rumeysagelgi.com\/","name":"Rumeysa Gelgi","description":"Welcome to Rumeysa Gelgi&#039;s official website.","potentialAction":[{"@type":"SearchAction","target":{"@type":"EntryPoint","urlTemplate":"https:\/\/rumeysagelgi.com\/?s={search_term_string}"},"query-input":"required name=search_term_string"}],"inLanguage":"tr"}]}},"_links":{"self":[{"href":"https:\/\/rumeysagelgi.com\/tr\/wp-json\/wp\/v2\/pages\/507","targetHints":{"allow":["GET"]}}],"collection":[{"href":"https:\/\/rumeysagelgi.com\/tr\/wp-json\/wp\/v2\/pages"}],"about":[{"href":"https:\/\/rumeysagelgi.com\/tr\/wp-json\/wp\/v2\/types\/page"}],"author":[{"embeddable":true,"href":"https:\/\/rumeysagelgi.com\/tr\/wp-json\/wp\/v2\/users\/2"}],"replies":[{"embeddable":true,"href":"https:\/\/rumeysagelgi.com\/tr\/wp-json\/wp\/v2\/comments?post=507"}],"version-history":[{"count":56,"href":"https:\/\/rumeysagelgi.com\/tr\/wp-json\/wp\/v2\/pages\/507\/revisions"}],"predecessor-version":[{"id":635,"href":"https:\/\/rumeysagelgi.com\/tr\/wp-json\/wp\/v2\/pages\/507\/revisions\/635"}],"wp:attachment":[{"href":"https:\/\/rumeysagelgi.com\/tr\/wp-json\/wp\/v2\/media?parent=507"}],"curies":[{"name":"wp","href":"https:\/\/api.w.org\/{rel}","templated":true}]}}