{"id":682,"date":"2023-05-01T12:24:51","date_gmt":"2023-05-01T12:24:51","guid":{"rendered":"https:\/\/wp.rumeysagelgi.com\/?page_id=682"},"modified":"2024-02-14T20:47:17","modified_gmt":"2024-02-14T20:47:17","slug":"advocacy-projects-and-shows","status":"publish","type":"page","link":"https:\/\/rumeysagelgi.com\/tr\/advocacy-projects-and-shows\/","title":{"rendered":"TV Programlar\u0131 ve Projeler"},"content":{"rendered":"<div data-elementor-type=\"wp-page\" data-elementor-id=\"682\" class=\"elementor elementor-682\">\n\t\t\t\t<div class=\"elementor-element elementor-element-70df501 e-flex e-con-boxed e-con e-parent\" data-id=\"70df501\" data-element_type=\"container\" data-settings=\"{&quot;content_width&quot;:&quot;boxed&quot;}\" data-core-v316-plus=\"true\">\n\t\t\t\t\t<div class=\"e-con-inner\">\n\t\t\t\t<div class=\"elementor-element elementor-element-4bee109 elementor-widget elementor-widget-embedpres_elementor\" data-id=\"4bee109\" data-element_type=\"widget\" data-widget_type=\"embedpres_elementor.default\">\n\t\t\t\t<div class=\"elementor-widget-container\">\n\t\t\t<style>.elementor-element-4bee109{display:none !important}<\/style>\t\t<\/div>\n\t\t\t\t<\/div>\n\t\t\t\t<div class=\"elementor-element elementor-element-80fb86e elementor-align-center elementor-widget elementor-widget-embedpres_elementor\" data-id=\"80fb86e\" data-element_type=\"widget\" data-no-translation=\"\" data-widget_type=\"embedpres_elementor.default\">\n\t\t\t\t<div class=\"elementor-widget-container\">\n\t\t\t<style>.elementor-element-80fb86e{display:none !important}<\/style>\t\t<\/div>\n\t\t\t\t<\/div>\n\t\t\t\t<div class=\"elementor-element elementor-element-630a81e elementor-align-center elementor-widget elementor-widget-embedpres_elementor\" data-id=\"630a81e\" data-element_type=\"widget\" data-no-translation=\"\" data-widget_type=\"embedpres_elementor.default\">\n\t\t\t\t<div class=\"elementor-widget-container\">\n\t\t\t<style>.elementor-element-630a81e{display:none !important}<\/style>\t\t<\/div>\n\t\t\t\t<\/div>\n\t\t\t\t<div class=\"elementor-element elementor-element-44adab2 elementor-align-center elementor-widget elementor-widget-embedpres_elementor\" data-id=\"44adab2\" data-element_type=\"widget\" data-no-translation=\"\" data-widget_type=\"embedpres_elementor.default\">\n\t\t\t\t<div class=\"elementor-widget-container\">\n\t\t\t\n\t\t<div class=\"embedpress-elements-wrapper\" id=\"ep-elements-id-44adab2\">\n\t\t\t\n\t\t\t\t<div id=\"ep-elementor-content-44adab2\" class=\"ep-elementor-content    ep-content-protection-disabled source-dailymotion\">\n\t\t\t\t\t\t\t\t\t\t\t\t\t\t\t\t\t\t\t\t\t\t\t\t\t\t\t\t\t\t\t\t\t\t\t\t\t\t\t\t\t\t\t\t\t\t\t\t\t\t\t\t\t\t\t\t\t\t\t\t\t\t\t\t\t\t\t\t\t<div >\n\t\t\t\t\t<div  id=\"44adab2\" class=\"ep-embed-content-wraper\"  >\n\t\t\t\t\t\t<div class=\"ose-dailymotion ose-uid-1ecd36555ba5df228ca6e87d602756af ose-embedpress-responsive\" style=\"width:600px; height:400px; max-height:400px; max-width:100%; display:inline-block;\"><iframe allowfullscreen title=\"Hafta Sonu - 16 Ekim 2021 - Figen Civan - Do\u00e7. Dr. Murat Y\u0131lanc\u0131o\u011flu- Rumeysa Gelgi\" frameborder=\"0\" width=\"600\" height=\"400\" src=\"https:\/\/geo.dailymotion.com\/player.html?video=x84w706&ui-highlight=dd3333&start=3855&mute=0&autoplay=0&controls=1&ui-start-screen-info=1&endscreen-enable=0\" allow =\"encrypted-media;accelerometer;autoplay;clipboard-write;gyroscope;picture-in-picture fullscreen; picture-in-picture; web-share\"><\/iframe><\/div>\t\t\t\t\t<\/div>\n\t\t\t\t\t\t\t\t\t\t<\/div>\n\t\t\t\t<\/div>\n\t\t\t\t\t<\/div>\n\n\n\t\t\n\t\t<\/div>\n\t\t\t\t<\/div>\n\t\t\t\t<div class=\"elementor-element elementor-element-b90f5cc elementor-align-center elementor-widget elementor-widget-embedpres_elementor\" data-id=\"b90f5cc\" data-element_type=\"widget\" data-no-translation=\"\" data-widget_type=\"embedpres_elementor.default\">\n\t\t\t\t<div class=\"elementor-widget-container\">\n\t\t\t<style>.elementor-element-b90f5cc{display:none !important}<\/style>\t\t<\/div>\n\t\t\t\t<\/div>\n\t\t\t\t<div class=\"elementor-element elementor-element-81b54d8 elementor-align-center elementor-widget elementor-widget-embedpres_elementor\" data-id=\"81b54d8\" data-element_type=\"widget\" data-no-translation=\"\" data-widget_type=\"embedpres_elementor.default\">\n\t\t\t\t<div class=\"elementor-widget-container\">\n\t\t\t\n\t\t<div class=\"embedpress-elements-wrapper\" id=\"ep-elements-id-81b54d8\">\n\t\t\t\n\t\t\t\t<div id=\"ep-elementor-content-81b54d8\" class=\"ep-elementor-content    ep-content-protection-disabled source-youtube\">\n\t\t\t\t\t\t\t\t\t\t\t\t\t\t\t\t\t\t\t\t\t\t\t\t\t\t\t\t\t\t\t\t\t\t\t\t\t\t\t\t\t\t\t\t\t\t\t\t\t\t\t\t\t\t\t\t\t\t\t\t\t\t\t\t\t\t\t\t\t<div >\n\t\t\t\t\t<div  id=\"81b54d8\" class=\"ep-embed-content-wraper\"  >\n\t\t\t\t\t\t<div class=\"ose-youtube ose-uid-cfce43a5634e36a3edc299b351779b4e ose-embedpress-responsive\" style=\"width:600px; height:400px; max-height:400px; max-width:100%; display:inline-block;\"><iframe allowfullscreen title=\"D\u00fcnyan\u0131n En Uzun Kad\u0131n\u0131: 6 Ya\u015f\u0131nda Ergenli\u011fe Girdi (213 cm)\" width=\"600\" height=\"400\" src=\"https:\/\/www.youtube.com\/embed\/ydsIsyPrcv0?feature=oembed&controls=1&iv_load_policy=1&fs=1&rel=1&end=&start=&color=red\" frameborder=\"0\" allow=\"accelerometer; encrypted-media;accelerometer;autoplay;clipboard-write;gyroscope;picture-in-picture clipboard-write; encrypted-media; gyroscope; picture-in-picture; web-share\" referrerpolicy=\"strict-origin-when-cross-origin\"><\/iframe><\/div>\t\t\t\t\t<\/div>\n\t\t\t\t\t\t\t\t\t\t<\/div>\n\t\t\t\t<\/div>\n\t\t\t\t\t<\/div>\n\n\n\t\t\t\t\t<style>\n\t\t\t\t#ep-elements-id-81b54d8.ep-youtube__content__block .youtube__content__body .content__wrap {\n\t\t\t\t\tgrid-template-columns: repeat(auto-fit, minmax(calc(33.333333333333% - 30px), 1fr)) !important;\n\t\t\t\t}\n\n\t\t\t\t#ep-elements-id-81b54d8.ep-youtube__content__pagination {\n\t\t\t\t\tdisplay: flex !important;\n\t\t\t\t}\n\t\t\t<\/style>\n\t\t\n\t\t<\/div>\n\t\t\t\t<\/div>\n\t\t\t\t<div class=\"elementor-element elementor-element-6f45cd8 elementor-align-center elementor-widget elementor-widget-embedpres_elementor\" data-id=\"6f45cd8\" data-element_type=\"widget\" data-no-translation=\"\" data-widget_type=\"embedpres_elementor.default\">\n\t\t\t\t<div class=\"elementor-widget-container\">\n\t\t\t<style>.elementor-element-6f45cd8{display:none !important}<\/style>\t\t<\/div>\n\t\t\t\t<\/div>\n\t\t\t\t<div class=\"elementor-element elementor-element-ce95b94 elementor-align-center elementor-widget elementor-widget-embedpres_elementor\" data-id=\"ce95b94\" data-element_type=\"widget\" data-no-translation=\"\" data-widget_type=\"embedpres_elementor.default\">\n\t\t\t\t<div class=\"elementor-widget-container\">\n\t\t\t\n\t\t<div class=\"embedpress-elements-wrapper\" id=\"ep-elements-id-ce95b94\">\n\t\t\t\n\t\t\t\t<div id=\"ep-elementor-content-ce95b94\" class=\"ep-elementor-content    ep-content-protection-disabled source-youtube\">\n\t\t\t\t\t\t\t\t\t\t\t\t\t\t\t\t\t\t\t\t\t\t\t\t\t\t\t\t\t\t\t\t\t\t\t\t\t\t\t\t\t\t\t\t\t\t\t\t\t\t\t\t\t\t\t\t\t\t\t\t\t\t\t\t\t\t\t\t\t<div >\n\t\t\t\t\t<div  id=\"ce95b94\" class=\"ep-embed-content-wraper\"  >\n\t\t\t\t\t\thttps:\/\/youtu.be\/3e2WekoXygE\t\t\t\t\t<\/div>\n\t\t\t\t\t\t\t\t\t\t<\/div>\n\t\t\t\t<\/div>\n\t\t\t\t\t<\/div>\n\n\n\t\t\t\t\t<style>\n\t\t\t\t#ep-elements-id-ce95b94.ep-youtube__content__block .youtube__content__body .content__wrap {\n\t\t\t\t\tgrid-template-columns: repeat(auto-fit, minmax(calc(33.333333333333% - 30px), 1fr)) !important;\n\t\t\t\t}\n\n\t\t\t\t#ep-elements-id-ce95b94.ep-youtube__content__pagination {\n\t\t\t\t\tdisplay: flex !important;\n\t\t\t\t}\n\t\t\t<\/style>\n\t\t\n\t\t<\/div>\n\t\t\t\t<\/div>\n\t\t\t\t<div class=\"elementor-element elementor-element-4473fcd elementor-align-center elementor-widget elementor-widget-embedpres_elementor\" data-id=\"4473fcd\" data-element_type=\"widget\" data-no-translation=\"\" data-widget_type=\"embedpres_elementor.default\">\n\t\t\t\t<div class=\"elementor-widget-container\">\n\t\t\t\n\t\t<div class=\"embedpress-elements-wrapper\" id=\"ep-elements-id-4473fcd\">\n\t\t\t\n\t\t\t\t<div id=\"ep-elementor-content-4473fcd\" class=\"ep-elementor-content    ep-content-protection-disabled source-youtube\">\n\t\t\t\t\t\t\t\t\t\t\t\t\t\t\t\t\t\t\t\t\t\t\t\t\t\t\t\t\t\t\t\t\t\t\t\t\t\t\t\t\t\t\t\t\t\t\t\t\t\t\t\t\t\t\t\t\t\t\t\t\t\t\t\t\t\t\t\t\t<div >\n\t\t\t\t\t<div  id=\"4473fcd\" class=\"ep-embed-content-wraper\"  >\n\t\t\t\t\t\t<div class=\"ose-youtube ose-uid-d776e5b3fad2d77323119aaa7fb7e3af ose-embedpress-responsive\" style=\"width:600px; height:400px; max-height:400px; max-width:100%; display:inline-block;\"><iframe allowfullscreen title=\"D\u00fcnyan\u0131n En Uzun Kad\u0131n\u0131, Guinness Rekorlar Kitab\u0131&#039;nda!\" width=\"600\" height=\"400\" src=\"https:\/\/www.youtube.com\/embed\/iGQi7bvdwaA?feature=oembed&controls=1&iv_load_policy=1&fs=1&rel=1&end=&start=&color=red\" frameborder=\"0\" allow=\"accelerometer; encrypted-media;accelerometer;autoplay;clipboard-write;gyroscope;picture-in-picture clipboard-write; encrypted-media; gyroscope; picture-in-picture; web-share\" referrerpolicy=\"strict-origin-when-cross-origin\"><\/iframe><\/div>\t\t\t\t\t<\/div>\n\t\t\t\t\t\t\t\t\t\t<\/div>\n\t\t\t\t<\/div>\n\t\t\t\t\t<\/div>\n\n\n\t\t\t\t\t<style>\n\t\t\t\t#ep-elements-id-4473fcd.ep-youtube__content__block .youtube__content__body .content__wrap {\n\t\t\t\t\tgrid-template-columns: repeat(auto-fit, minmax(calc(33.333333333333% - 30px), 1fr)) !important;\n\t\t\t\t}\n\n\t\t\t\t#ep-elements-id-4473fcd.ep-youtube__content__pagination {\n\t\t\t\t\tdisplay: flex !important;\n\t\t\t\t}\n\t\t\t<\/style>\n\t\t\n\t\t<\/div>\n\t\t\t\t<\/div>\n\t\t\t\t<div class=\"elementor-element elementor-element-e28b801 elementor-align-center elementor-widget elementor-widget-embedpres_elementor\" data-id=\"e28b801\" data-element_type=\"widget\" data-no-translation=\"\" data-widget_type=\"embedpres_elementor.default\">\n\t\t\t\t<div class=\"elementor-widget-container\">\n\t\t\t<style>.elementor-element-e28b801{display:none !important}<\/style>\t\t<\/div>\n\t\t\t\t<\/div>\n\t\t\t\t\t<\/div>\n\t\t\t\t<\/div>\n\t\t\t\t<\/div>","protected":false},"excerpt":{"rendered":"","protected":false},"author":2,"featured_media":0,"parent":0,"menu_order":0,"comment_status":"closed","ping_status":"closed","template":"","meta":{"_eb_attr":"","_gspb_post_css":"","wp_social_preview_title":"","wp_social_preview_description":"","wp_social_preview_image":0,"footnotes":""},"class_list":["post-682","page","type-page","status-publish","hentry"],"yoast_head":"<!-- This site is optimized with the Yoast SEO plugin v22.0 - https:\/\/yoast.com\/wordpress\/plugins\/seo\/ -->\n<title>Advocacy Projects and Shows - Rumeysa Gelgi<\/title>\n<meta name=\"robots\" content=\"index, follow, max-snippet:-1, max-image-preview:large, max-video-preview:-1\" \/>\n<link rel=\"canonical\" href=\"https:\/\/rumeysagelgi.com\/tr\/advocacy-projects-and-shows\/\" \/>\n<meta property=\"og:locale\" content=\"tr_TR\" \/>\n<meta property=\"og:type\" content=\"article\" \/>\n<meta property=\"og:title\" content=\"Advocacy Projects and Shows - Rumeysa Gelgi\" \/>\n<meta property=\"og:url\" content=\"https:\/\/rumeysagelgi.com\/tr\/advocacy-projects-and-shows\/\" \/>\n<meta property=\"og:site_name\" content=\"Rumeysa Gelgi\" \/>\n<meta property=\"article:modified_time\" content=\"2024-02-14T20:47:17+00:00\" \/>\n<meta name=\"twitter:card\" content=\"summary_large_image\" \/>\n<script type=\"application\/ld+json\" class=\"yoast-schema-graph\">{\"@context\":\"https:\/\/schema.org\",\"@graph\":[{\"@type\":\"WebPage\",\"@id\":\"https:\/\/rumeysagelgi.com\/advocacy-projects-and-shows\/\",\"url\":\"https:\/\/rumeysagelgi.com\/advocacy-projects-and-shows\/\",\"name\":\"Advocacy Projects and Shows - Rumeysa Gelgi\",\"isPartOf\":{\"@id\":\"https:\/\/rumeysagelgi.com\/#website\"},\"datePublished\":\"2023-05-01T12:24:51+00:00\",\"dateModified\":\"2024-02-14T20:47:17+00:00\",\"breadcrumb\":{\"@id\":\"https:\/\/rumeysagelgi.com\/advocacy-projects-and-shows\/#breadcrumb\"},\"inLanguage\":\"tr\",\"potentialAction\":[{\"@type\":\"ReadAction\",\"target\":[\"https:\/\/rumeysagelgi.com\/advocacy-projects-and-shows\/\"]}]},{\"@type\":\"BreadcrumbList\",\"@id\":\"https:\/\/rumeysagelgi.com\/advocacy-projects-and-shows\/#breadcrumb\",\"itemListElement\":[{\"@type\":\"ListItem\",\"position\":1,\"name\":\"Home\",\"item\":\"https:\/\/rumeysagelgi.com\/\"},{\"@type\":\"ListItem\",\"position\":2,\"name\":\"Advocacy Projects and Shows\"}]},{\"@type\":\"WebSite\",\"@id\":\"https:\/\/rumeysagelgi.com\/#website\",\"url\":\"https:\/\/rumeysagelgi.com\/\",\"name\":\"Rumeysa Gelgi\",\"description\":\"Welcome to Rumeysa Gelgi&#039;s official website.\",\"potentialAction\":[{\"@type\":\"SearchAction\",\"target\":{\"@type\":\"EntryPoint\",\"urlTemplate\":\"https:\/\/rumeysagelgi.com\/?s={search_term_string}\"},\"query-input\":\"required name=search_term_string\"}],\"inLanguage\":\"tr\"}]}<\/script>\n<!-- \/ Yoast SEO plugin. -->","yoast_head_json":{"title":"Advocacy Projects and Shows - Rumeysa Gelgi","robots":{"index":"index","follow":"follow","max-snippet":"max-snippet:-1","max-image-preview":"max-image-preview:large","max-video-preview":"max-video-preview:-1"},"canonical":"https:\/\/rumeysagelgi.com\/tr\/advocacy-projects-and-shows\/","og_locale":"tr_TR","og_type":"article","og_title":"Advocacy Projects and Shows - Rumeysa Gelgi","og_url":"https:\/\/rumeysagelgi.com\/tr\/advocacy-projects-and-shows\/","og_site_name":"Rumeysa Gelgi","article_modified_time":"2024-02-14T20:47:17+00:00","twitter_card":"summary_large_image","schema":{"@context":"https:\/\/schema.org","@graph":[{"@type":"WebPage","@id":"https:\/\/rumeysagelgi.com\/advocacy-projects-and-shows\/","url":"https:\/\/rumeysagelgi.com\/advocacy-projects-and-shows\/","name":"Advocacy Projects and Shows - Rumeysa Gelgi","isPartOf":{"@id":"https:\/\/rumeysagelgi.com\/#website"},"datePublished":"2023-05-01T12:24:51+00:00","dateModified":"2024-02-14T20:47:17+00:00","breadcrumb":{"@id":"https:\/\/rumeysagelgi.com\/advocacy-projects-and-shows\/#breadcrumb"},"inLanguage":"tr","potentialAction":[{"@type":"ReadAction","target":["https:\/\/rumeysagelgi.com\/advocacy-projects-and-shows\/"]}]},{"@type":"BreadcrumbList","@id":"https:\/\/rumeysagelgi.com\/advocacy-projects-and-shows\/#breadcrumb","itemListElement":[{"@type":"ListItem","position":1,"name":"Home","item":"https:\/\/rumeysagelgi.com\/"},{"@type":"ListItem","position":2,"name":"Advocacy Projects and Shows"}]},{"@type":"WebSite","@id":"https:\/\/rumeysagelgi.com\/#website","url":"https:\/\/rumeysagelgi.com\/","name":"Rumeysa Gelgi","description":"Welcome to Rumeysa Gelgi&#039;s official website.","potentialAction":[{"@type":"SearchAction","target":{"@type":"EntryPoint","urlTemplate":"https:\/\/rumeysagelgi.com\/?s={search_term_string}"},"query-input":"required name=search_term_string"}],"inLanguage":"tr"}]}},"_links":{"self":[{"href":"https:\/\/rumeysagelgi.com\/tr\/wp-json\/wp\/v2\/pages\/682","targetHints":{"allow":["GET"]}}],"collection":[{"href":"https:\/\/rumeysagelgi.com\/tr\/wp-json\/wp\/v2\/pages"}],"about":[{"href":"https:\/\/rumeysagelgi.com\/tr\/wp-json\/wp\/v2\/types\/page"}],"author":[{"embeddable":true,"href":"https:\/\/rumeysagelgi.com\/tr\/wp-json\/wp\/v2\/users\/2"}],"replies":[{"embeddable":true,"href":"https:\/\/rumeysagelgi.com\/tr\/wp-json\/wp\/v2\/comments?post=682"}],"version-history":[{"count":125,"href":"https:\/\/rumeysagelgi.com\/tr\/wp-json\/wp\/v2\/pages\/682\/revisions"}],"predecessor-version":[{"id":1143,"href":"https:\/\/rumeysagelgi.com\/tr\/wp-json\/wp\/v2\/pages\/682\/revisions\/1143"}],"wp:attachment":[{"href":"https:\/\/rumeysagelgi.com\/tr\/wp-json\/wp\/v2\/media?parent=682"}],"curies":[{"name":"wp","href":"https:\/\/api.w.org\/{rel}","templated":true}]}}